{"id":905,"date":"2020-10-12T12:05:30","date_gmt":"2020-10-12T12:05:30","guid":{"rendered":"http:\/\/immunes.health\/?product=multivitamines-i-multiminerals-100-gr"},"modified":"2022-04-09T15:01:58","modified_gmt":"2022-04-09T15:01:58","slug":"multivitamines-i-multiminerals-100-gr","status":"publish","type":"product","link":"https:\/\/immunes.health\/?producte=multivitamines-i-multiminerals-100-gr&lang=ca","title":{"rendered":"Multivitamines i Multiminerals 100 gr"},"content":{"rendered":"<div class=\"text-wrap tlid-copy-target\">\n<div class=\"result-shield-container tlid-copy-target\" tabindex=\"0\"><span class=\"tlid-translation translation\" lang=\"ca\"><span class=\"\" title=\"\">Una \u00e0mplia composici\u00f3 de vitamines i minerals per garantir una nutrici\u00f3 cel\u00b7lular equilibrada i evitar defici\u00e8ncies.<\/span><\/p>\n<p><span title=\"\">El multivitam\u00ednic, es ven en unitats de 100 gr.<\/span> <span title=\"\">venint en bosses de paper de 100 gr.<\/span> <span title=\"\">Si la comanda inclou 1000 gr o m\u00e9s, s\u2019envasarien bosses de paper de 1000 gr.<\/span><\/p>\n<p><span title=\"\">Per tal d\u2019optimitzar el treball log\u00edstic i el transport en aquest comen\u00e7ament d\u2019Immunes Health, l\u2019ordre \u00fanic m\u00ednim \u00e9s de 40 euros.<\/span> <span title=\"\">Si nom\u00e9s demaneu aquest producte.<\/span> <span class=\"\" title=\"\">hauria de demanar almenys 3 unitats per fer 300 gr, com a m\u00ednim.<\/span><\/p>\n<p><span title=\"\">Podeu demanar m\u00e9s gr en m\u00faltiples de 100 gr, ja que aqu\u00ed.<\/span> <span class=\"\" title=\"\">Tamb\u00e9 podeu demanar nom\u00e9s 100 gr com a part del producte agrupat.<\/span> <span class=\"\" title=\"\">El transport est\u00e0 incl\u00f2s en el preu.<\/span> <span class=\"\" title=\"\">El seguiment nom\u00e9s s\u2019inclou al preu si la comanda total \u00e9s de 120 euros o m\u00e9s.<\/span><\/p>\n<p><span title=\"\">En cas contrari, el seguiment \u00e9s opcional per un cost de 5 euros.<\/span><\/p>\n<p><span title=\"\">Cada 500 mg d\u2019aquest compost cont\u00e9 una dosi di\u00e0ria i per 100 gr en podeu prendre dosis di\u00e0ries.<\/span> <span title=\"\">Els elements i quantitats d&#8217;un dia i d&#8217;un mes es troben a la taula seg\u00fcent:<\/span><\/span><\/div>\n<\/div>\n<div class=\"tlid-result-transliteration-container result-transliteration-container transliteration-container\">\n<div class=\"tlid-transliteration-content transliteration-content full\">\u00a0<\/div>\n<\/div>\n<div class=\"result-footer source-or-target-footer tlid-copy-target\">\u00a0<\/div>\n<p><img loading=\"lazy\" decoding=\"async\" class=\"alignnone wp-image-900 size-medium\" src=\"http:\/\/immunes.health\/wp-content\/uploads\/2020\/10\/multivitamins-only-immunes-300x289.jpg\" alt=\"\" width=\"300\" height=\"289\" srcset=\"https:\/\/immunes.health\/wp-content\/uploads\/2020\/10\/multivitamins-only-immunes-300x289.jpg 300w, https:\/\/immunes.health\/wp-content\/uploads\/2020\/10\/multivitamins-only-immunes-600x579.jpg 600w, https:\/\/immunes.health\/wp-content\/uploads\/2020\/10\/multivitamins-only-immunes.jpg 765w\" sizes=\"(max-width: 300px) 100vw, 300px\" \/><\/p>\n","protected":false},"excerpt":{"rendered":"<p><span class=\"tlid-translation translation\" lang=\"ca\"><span class=\"\" title=\"\">El multivitam\u00ednic, es ven en unitats de 100 gr.<\/span> <span class=\"\" title=\"\">venint en bosses de paper de 100 gr.<\/span> <span class=\"\" title=\"\">Si la comanda inclou 1000 gr o m\u00e9s, s\u2019envasarien bosses de paper de 1000 gr.<\/span><\/p>\n<p><span class=\"\" title=\"\">Per tal d\u2019optimitzar el treball log\u00edstic i el transport en aquest comen\u00e7ament d\u2019Immunes Health, l\u2019ordre \u00fanic m\u00ednim \u00e9s de 40 euros.<\/span> <span class=\"\" title=\"\">Si nom\u00e9s demaneu aquest producte.<\/span> <span title=\"\">hauria de demanar almenys 3 unitats per fer 300 gr, com a m\u00ednim.<\/span><\/span><\/p>\n","protected":false},"featured_media":758,"comment_status":"open","ping_status":"closed","template":"","meta":[],"product_cat":[75],"product_tag":[],"_links":{"self":[{"href":"https:\/\/immunes.health\/index.php?rest_route=\/wp\/v2\/product\/905"}],"collection":[{"href":"https:\/\/immunes.health\/index.php?rest_route=\/wp\/v2\/product"}],"about":[{"href":"https:\/\/immunes.health\/index.php?rest_route=\/wp\/v2\/types\/product"}],"replies":[{"embeddable":true,"href":"https:\/\/immunes.health\/index.php?rest_route=%2Fwp%2Fv2%2Fcomments&post=905"}],"wp:featuredmedia":[{"embeddable":true,"href":"https:\/\/immunes.health\/index.php?rest_route=\/wp\/v2\/media\/758"}],"wp:attachment":[{"href":"https:\/\/immunes.health\/index.php?rest_route=%2Fwp%2Fv2%2Fmedia&parent=905"}],"wp:term":[{"taxonomy":"product_cat","embeddable":true,"href":"https:\/\/immunes.health\/index.php?rest_route=%2Fwp%2Fv2%2Fproduct_cat&post=905"},{"taxonomy":"product_tag","embeddable":true,"href":"https:\/\/immunes.health\/index.php?rest_route=%2Fwp%2Fv2%2Fproduct_tag&post=905"}],"curies":[{"name":"wp","href":"https:\/\/api.w.org\/{rel}","templated":true}]}}