{"id":904,"date":"2020-10-12T12:05:30","date_gmt":"2020-10-12T12:05:30","guid":{"rendered":"http:\/\/immunes.health\/?product=multivitaminas-y-multiminerales-100-gr"},"modified":"2020-10-19T01:13:41","modified_gmt":"2020-10-19T01:13:41","slug":"multivitaminas-y-multiminerales-100-gr","status":"publish","type":"product","link":"https:\/\/immunes.health\/?producto=multivitaminas-y-multiminerales-100-gr&lang=es","title":{"rendered":"Multivitaminas y Multiminerales 100 gr"},"content":{"rendered":"<div class=\"text-wrap tlid-copy-target\">\n<div class=\"result-shield-container tlid-copy-target\" tabindex=\"0\"><span class=\"tlid-translation translation\" lang=\"es\"><span class=\"\" title=\"\">Se trata de una amplia composici\u00f3n de vitaminas i minerales para asegurar una nutrici\u00f3n celular equilibrada y evitar carencias.<\/span><\/p>\n<p><span title=\"\">El multivitam\u00ednico, se vende en unidades de 100 gr.<\/span> <span title=\"\">viene en bolsas de papel de 100 gr.<\/span> <span title=\"\">Si el pedido incluye 1000 gr o m\u00e1s, se empaquetar\u00e1n bolsas de papel de 1000 gr.<\/span><\/p>\n<p><span title=\"\">Para optimizar el trabajo log\u00edstico y el transporte en este inicio de Immunes Health, el pedido m\u00ednimo m\u00ednimo es de 40 eur.<\/span> <span title=\"\">Si solo pide este producto.<\/span> <span title=\"\">conviene pedir al menos 3 unidades para hacer al menos 300 gr.<\/span><\/p>\n<p><span title=\"\">Puedes pedir m\u00e1s gr en m\u00faltiplos de 100 gr, desde aqu\u00ed.<\/span> <span title=\"\">Tambi\u00e9n puedes pedir solo 100 gr como parte del producto del kit agrupado.<\/span> <span title=\"\">El transporte est\u00e1 incluido en el precio.<\/span> <span title=\"\">Seguimiento del env\u00edo solo incluido en el precio si el pedido total es de 120 euros o m\u00e1s.<\/span><br \/><span title=\"\">De lo contrario, el seguimiento es opcional por un coste de 5 euros.<\/span><\/p>\n<p><span title=\"\">Cada 500 mg de este compuesto contienen una dosis diaria y por 100 gr puedes tener 200 dosis.<\/span> <span title=\"\">Los elementos e importes para un d\u00eda y para un mes se encuentran en la siguiente tabla:<\/span><\/span><\/div>\n<\/div>\n<div class=\"tlid-result-transliteration-container result-transliteration-container transliteration-container\">\n<div class=\"tlid-transliteration-content transliteration-content full\">\u00a0<\/div>\n<\/div>\n<p><img loading=\"lazy\" decoding=\"async\" class=\"alignnone wp-image-903 size-medium\" src=\"http:\/\/immunes.health\/wp-content\/uploads\/2020\/10\/multivitamins-only-immunes-300x289.jpg\" alt=\"\" width=\"300\" height=\"289\" srcset=\"https:\/\/immunes.health\/wp-content\/uploads\/2020\/10\/multivitamins-only-immunes-300x289.jpg 300w, https:\/\/immunes.health\/wp-content\/uploads\/2020\/10\/multivitamins-only-immunes-600x579.jpg 600w, https:\/\/immunes.health\/wp-content\/uploads\/2020\/10\/multivitamins-only-immunes.jpg 765w\" sizes=\"(max-width: 300px) 100vw, 300px\" \/><\/p>\n","protected":false},"excerpt":{"rendered":"<p><span class=\"tlid-translation translation\" lang=\"es\"><span title=\"\">El multivitam\u00ednico, se vende en unidades de 100 gr.<\/span> <span title=\"\">viene en bolsas de papel de 100 gr.<\/span> <span title=\"\">Si el pedido incluye 1000 gr o m\u00e1s, se empaquetar\u00e1n bolsas de papel de 1000 gr.<\/span><br \/><span class=\"\" title=\"\">Para optimizar el trabajo log\u00edstico y el transporte en este inicio de Immunes Health, el pedido m\u00ednimo m\u00ednimo es de 40 eur.<\/span> <span class=\"\" title=\"\">Si solo pide este producto.<\/span> <span class=\"\" title=\"\">conviene pedir como m\u00ednimo 3 unidades para hacer al menos 300 gr.<\/span><\/span><\/p>\n","protected":false},"featured_media":758,"comment_status":"open","ping_status":"closed","template":"","meta":[],"product_cat":[76],"product_tag":[],"_links":{"self":[{"href":"https:\/\/immunes.health\/index.php?rest_route=\/wp\/v2\/product\/904"}],"collection":[{"href":"https:\/\/immunes.health\/index.php?rest_route=\/wp\/v2\/product"}],"about":[{"href":"https:\/\/immunes.health\/index.php?rest_route=\/wp\/v2\/types\/product"}],"replies":[{"embeddable":true,"href":"https:\/\/immunes.health\/index.php?rest_route=%2Fwp%2Fv2%2Fcomments&post=904"}],"wp:featuredmedia":[{"embeddable":true,"href":"https:\/\/immunes.health\/index.php?rest_route=\/wp\/v2\/media\/758"}],"wp:attachment":[{"href":"https:\/\/immunes.health\/index.php?rest_route=%2Fwp%2Fv2%2Fmedia&parent=904"}],"wp:term":[{"taxonomy":"product_cat","embeddable":true,"href":"https:\/\/immunes.health\/index.php?rest_route=%2Fwp%2Fv2%2Fproduct_cat&post=904"},{"taxonomy":"product_tag","embeddable":true,"href":"https:\/\/immunes.health\/index.php?rest_route=%2Fwp%2Fv2%2Fproduct_tag&post=904"}],"curies":[{"name":"wp","href":"https:\/\/api.w.org\/{rel}","templated":true}]}}