{"id":873,"date":"2020-10-13T00:47:35","date_gmt":"2020-10-13T00:47:35","guid":{"rendered":"http:\/\/immunes.health\/?product=capsules-vegetarianes-1000-u"},"modified":"2025-05-16T19:28:17","modified_gmt":"2025-05-16T19:28:17","slug":"capsules-vegetarianes-1000-u","status":"publish","type":"product","link":"https:\/\/immunes.health\/?producte=capsules-vegetarianes-1000-u&lang=ca","title":{"rendered":"capsules vegetarianes 1000 u"},"content":{"rendered":"<p><span class=\"tlid-translation translation\" lang=\"ca\"><span title=\"\">Aqu\u00ed venem c\u00e0psules per fer les vostres pr\u00f2pies composicions.<\/span><\/p>\n<p><span class=\"\" title=\"\">Hi ha dues mides: 0 \u00e9s la m\u00e9s petita i 00 \u00e9s la m\u00e9s gran, heu de triar una de totes dues en cada compra.<\/span><\/p>\n<p><span class=\"\" title=\"\">L\u2019ordre b\u00e0sica \u00e9s de 1000 c\u00e0psules.<\/span> <span class=\"\" title=\"\">Podeu demanar m\u00faltiples de 1000 c\u00e0psules tantes com vulgueu<\/span><\/span><\/p>\n","protected":false},"excerpt":{"rendered":"<p><span class=\"tlid-translation translation\" lang=\"ca\"><span class=\"\" title=\"\">Hi ha dues mides: 0 \u00e9s la m\u00e9s petita i 00 \u00e9s la m\u00e9s gran, heu de triar una de totes dues en cada compra.<\/span><\/p>\n<p><span class=\"\" title=\"\">L\u2019ordre b\u00e0sica \u00e9s de 1000 c\u00e0psules.<\/span> <span class=\"\" title=\"\">Podeu demanar m\u00faltiples de 1000 c\u00e0psules tantes com vulgueu<\/span><\/span><\/p>\n","protected":false},"featured_media":790,"comment_status":"open","ping_status":"closed","template":"","meta":[],"product_cat":[74],"product_tag":[],"_links":{"self":[{"href":"https:\/\/immunes.health\/index.php?rest_route=\/wp\/v2\/product\/873"}],"collection":[{"href":"https:\/\/immunes.health\/index.php?rest_route=\/wp\/v2\/product"}],"about":[{"href":"https:\/\/immunes.health\/index.php?rest_route=\/wp\/v2\/types\/product"}],"replies":[{"embeddable":true,"href":"https:\/\/immunes.health\/index.php?rest_route=%2Fwp%2Fv2%2Fcomments&post=873"}],"wp:featuredmedia":[{"embeddable":true,"href":"https:\/\/immunes.health\/index.php?rest_route=\/wp\/v2\/media\/790"}],"wp:attachment":[{"href":"https:\/\/immunes.health\/index.php?rest_route=%2Fwp%2Fv2%2Fmedia&parent=873"}],"wp:term":[{"taxonomy":"product_cat","embeddable":true,"href":"https:\/\/immunes.health\/index.php?rest_route=%2Fwp%2Fv2%2Fproduct_cat&post=873"},{"taxonomy":"product_tag","embeddable":true,"href":"https:\/\/immunes.health\/index.php?rest_route=%2Fwp%2Fv2%2Fproduct_tag&post=873"}],"curies":[{"name":"wp","href":"https:\/\/api.w.org\/{rel}","templated":true}]}}