{"id":866,"date":"2020-10-12T22:26:40","date_gmt":"2020-10-12T22:26:40","guid":{"rendered":"http:\/\/immunes.health\/?product=maquina-de-capsulas"},"modified":"2025-05-16T23:55:21","modified_gmt":"2025-05-16T23:55:21","slug":"maquina-de-capsulas","status":"publish","type":"product","link":"https:\/\/immunes.health\/?producto=maquina-de-capsulas&lang=es","title":{"rendered":"m\u00e1quina de c\u00e1psulas"},"content":{"rendered":"<div class=\"text-wrap tlid-copy-target\">\n<div class=\"result-shield-container tlid-copy-target\" tabindex=\"0\"><span class=\"tlid-translation translation\" lang=\"es\"><span class=\"\" title=\"\">La m\u00e1quina de c\u00e1psulas te permite obtener los polvos y hacer tus propias c\u00e1psulas, para ayudarte a garantizar que tomes la misma cantidad en cada dosis, lo que es m\u00e1s dif\u00edcil obtener la dosis directamente del polvo.<\/span> <span title=\"\">Hacer c\u00e1psulas en casa ayuda a Immunes Health a ofrecerle un mejor precio y reducir los costos de intermediaci\u00f3n.<\/span> <span title=\"\">\u00a1Tambi\u00e9n ayudas al medio ambiente evitando los pl\u00e1sticos en la distribuci\u00f3n!<\/span><\/p>\n<p><span title=\"\">Aqu\u00ed puedes ver un video sobre c\u00f3mo usarlo:<\/span><\/p>\n<p><iframe loading=\"lazy\" title=\"The Capsule Machine, How to fill 00 capsules a fast and easy way\" width=\"678\" height=\"381\" src=\"https:\/\/www.youtube.com\/embed\/3dPjicQ2u5c?feature=oembed\" frameborder=\"0\" allow=\"accelerometer; autoplay; clipboard-write; encrypted-media; gyroscope; picture-in-picture\" allowfullscreen><\/iframe><\/p>\n<p>&nbsp;<\/p>\n<p><span title=\"\">\u00a1Puedes comprar uno o m\u00e1s si quieres distribuirlos entre tus contactos!<\/span><\/p>\n<p><span title=\"\">Proporcionamos 100 c\u00e1psulas vegetarianas incluidas para cada m\u00e1quina de c\u00e1psulas.<\/span> <span title=\"\">Puedes comprar m\u00e1s c\u00e1psulas en el producto relacionado.<\/span><\/span><\/div>\n<\/div>\n<div class=\"tlid-result-transliteration-container result-transliteration-container transliteration-container\">\n<div class=\"tlid-transliteration-content transliteration-content full\">\u00a0<\/div>\n<\/div>\n","protected":false},"excerpt":{"rendered":"<p><span class=\"tlid-translation translation\" lang=\"es\"><span class=\"\" title=\"\">La m\u00e1quina de c\u00e1psulas te permite obtener los polvos y hacer sus propias c\u00e1psulas.<\/span><\/p>\n<p><span class=\"\" title=\"\">\u00a1Puedes comprar uno o m\u00e1s si quieres distribuirlos entre tus contactos!<\/span><\/p>\n<p><span class=\"\" title=\"\">Hay dos tama\u00f1os: 0 son c\u00e1psulas m\u00e1s peque\u00f1as y 00 son m\u00e1s grandes.<\/span><\/p>\n<p><span class=\"\" title=\"\">Tambi\u00e9n proporcionamos en esta oferta 100 c\u00e1psulas vegetarianas incluidas para cada m\u00e1quina de c\u00e1psulas.<\/span><\/span><\/p>\n","protected":false},"featured_media":778,"comment_status":"open","ping_status":"closed","template":"","meta":[],"product_cat":[73],"product_tag":[],"_links":{"self":[{"href":"https:\/\/immunes.health\/index.php?rest_route=\/wp\/v2\/product\/866"}],"collection":[{"href":"https:\/\/immunes.health\/index.php?rest_route=\/wp\/v2\/product"}],"about":[{"href":"https:\/\/immunes.health\/index.php?rest_route=\/wp\/v2\/types\/product"}],"replies":[{"embeddable":true,"href":"https:\/\/immunes.health\/index.php?rest_route=%2Fwp%2Fv2%2Fcomments&post=866"}],"wp:featuredmedia":[{"embeddable":true,"href":"https:\/\/immunes.health\/index.php?rest_route=\/wp\/v2\/media\/778"}],"wp:attachment":[{"href":"https:\/\/immunes.health\/index.php?rest_route=%2Fwp%2Fv2%2Fmedia&parent=866"}],"wp:term":[{"taxonomy":"product_cat","embeddable":true,"href":"https:\/\/immunes.health\/index.php?rest_route=%2Fwp%2Fv2%2Fproduct_cat&post=866"},{"taxonomy":"product_tag","embeddable":true,"href":"https:\/\/immunes.health\/index.php?rest_route=%2Fwp%2Fv2%2Fproduct_tag&post=866"}],"curies":[{"name":"wp","href":"https:\/\/api.w.org\/{rel}","templated":true}]}}