{"id":863,"date":"2020-10-12T22:26:40","date_gmt":"2020-10-12T22:26:40","guid":{"rendered":"http:\/\/immunes.health\/?product=863"},"modified":"2022-12-21T06:05:42","modified_gmt":"2022-12-21T06:05:42","slug":"maquina-de-capsules","status":"publish","type":"product","link":"https:\/\/immunes.health\/?producte=maquina-de-capsules&lang=ca","title":{"rendered":"m\u00e0quina de capsules"},"content":{"rendered":"<p><span class=\"tlid-translation translation\" lang=\"ca\"><span title=\"\">La m\u00e0quina de c\u00e0psules us permet obtenir els pols i fabricar les vostres pr\u00f2pies c\u00e0psules per ajudar-vos a garantir que preneu la mateixa quantitat en cada dosi, cosa que \u00e9s m\u00e9s dif\u00edcil obtenir la dosi directament de la pols.<\/span> <span title=\"\">Fer c\u00e0psules a casa ajuda Immunes Health a oferir-vos un millor preu i reduir els costos d\u2019intermediaci\u00f3.<\/span> <span title=\"\">Tamb\u00e9 ajudeu el medi ambient evitant els pl\u00e0stics en la distribuci\u00f3.<\/span><\/p>\n<p><span title=\"\">Aqu\u00ed podeu veure un v\u00eddeo sobre com utilitzar-lo:<\/span><\/p>\n<p><\/span><\/p>\n<p><iframe loading=\"lazy\" title=\"The Capsule Machine, How to fill 00 capsules a fast and easy way\" width=\"678\" height=\"381\" src=\"https:\/\/www.youtube.com\/embed\/3dPjicQ2u5c?feature=oembed\" frameborder=\"0\" allow=\"accelerometer; autoplay; clipboard-write; encrypted-media; gyroscope; picture-in-picture\" allowfullscreen><\/iframe><\/p>\n<p>&nbsp;<\/p>\n<p><span class=\"tlid-translation translation\" lang=\"ca\"><span class=\"\" title=\"\">En podeu comprar un o m\u00e9s si voleu distribuir-los entre els vostres contactes.<\/span><\/p>\n<p><span class=\"\" title=\"\">Oferim 100 c\u00e0psules vegetarianes incloses per a cada m\u00e0quina de c\u00e0psules.<\/span> <span class=\"\" title=\"\">Podeu comprar m\u00e9s c\u00e0psules al producte relacionat<\/span><\/span><\/p>\n","protected":false},"excerpt":{"rendered":"<p><span class=\"tlid-translation translation\" lang=\"ca\"><span class=\"\" title=\"\">La m\u00e0quina de c\u00e0psules us permet obtenir els pols i fabricar les vostres pr\u00f2pies c\u00e0psules.<\/span><\/p>\n<p><span class=\"\" title=\"\">en podeu comprar un o m\u00e9s si voleu distribuir-los entre els vostres contactes.<\/span><\/p>\n<p><span class=\"\" title=\"\">Hi ha dues mides: 0 s\u00f3n c\u00e0psules m\u00e9s petites i 00 s\u00f3n m\u00e9s grans.<\/span><\/p>\n<p><span class=\"\" title=\"\">Tamb\u00e9 oferim en aquesta oferta 100 c\u00e0psules vegetarianes incloses per a cada m\u00e0quina de c\u00e0psules.<\/span><\/span><\/p>\n","protected":false},"featured_media":778,"comment_status":"open","ping_status":"closed","template":"","meta":[],"product_cat":[74],"product_tag":[],"_links":{"self":[{"href":"https:\/\/immunes.health\/index.php?rest_route=\/wp\/v2\/product\/863"}],"collection":[{"href":"https:\/\/immunes.health\/index.php?rest_route=\/wp\/v2\/product"}],"about":[{"href":"https:\/\/immunes.health\/index.php?rest_route=\/wp\/v2\/types\/product"}],"replies":[{"embeddable":true,"href":"https:\/\/immunes.health\/index.php?rest_route=%2Fwp%2Fv2%2Fcomments&post=863"}],"wp:featuredmedia":[{"embeddable":true,"href":"https:\/\/immunes.health\/index.php?rest_route=\/wp\/v2\/media\/778"}],"wp:attachment":[{"href":"https:\/\/immunes.health\/index.php?rest_route=%2Fwp%2Fv2%2Fmedia&parent=863"}],"wp:term":[{"taxonomy":"product_cat","embeddable":true,"href":"https:\/\/immunes.health\/index.php?rest_route=%2Fwp%2Fv2%2Fproduct_cat&post=863"},{"taxonomy":"product_tag","embeddable":true,"href":"https:\/\/immunes.health\/index.php?rest_route=%2Fwp%2Fv2%2Fproduct_tag&post=863"}],"curies":[{"name":"wp","href":"https:\/\/api.w.org\/{rel}","templated":true}]}}