{"id":860,"date":"2020-10-12T12:18:37","date_gmt":"2020-10-12T12:18:37","guid":{"rendered":"http:\/\/immunes.health\/?product=kit-immunes-health"},"modified":"2025-05-18T12:56:34","modified_gmt":"2025-05-18T12:56:34","slug":"kit-immunes-health","status":"publish","type":"product","link":"https:\/\/immunes.health\/?producto=kit-immunes-health&lang=es","title":{"rendered":"Kit Immunes Health"},"content":{"rendered":"<p><span class=\"tlid-translation translation\" lang=\"es\"><span title=\"\">Este producto re\u00fane todos los productos necesarios para mantenerse saludable, a una base de 6 euros al mes<\/span><\/p>\n<p><span title=\"\">Como se explica aqu\u00ed: <\/span><a href=\"https:\/\/immunes.health\/?p=719&amp;lang=es\">https:\/\/immunes.health\/?p=719&amp;lang=es<\/a><\/p>\n<p><span title=\"\">La composici\u00f3n se entrega en 4 partes.<\/span><\/p>\n<p><span title=\"\">-Quercetina<\/span><\/p>\n<p><span title=\"\">&#8211; Vitamina C<\/span><\/p>\n<p><span title=\"\">&#8211; Vitamina D3<\/span><\/p>\n<p><span class=\"\" title=\"\">&#8211; Multivitam\u00ednicos y multiminerales<\/span><\/p>\n<p><span class=\"\" title=\"\">Para optimizar el trabajo log\u00edstico y el transporte en este inicio de Immunes Health, el pedido m\u00ednimo m\u00ednimo es de 40 eur.<\/span> <span title=\"\">Cu\u00e1l es el pedido m\u00ednimo de este kit.<\/span> <span class=\"\" title=\"\">Lo que significa 200 d\u00edas de una persona en salud.<\/span> <span title=\"\">o 33,33 d\u00edas de 6 individuos<\/span><\/p>\n<p><span title=\"\">Puede pedir m\u00e1s kits en varios de este.<\/span> <span title=\"\">desde aqui.<\/span> <span title=\"\">Seguimiento solo incluido en el precio si el pedido total es de 120 euros o m\u00e1s.<\/span><\/p>\n<p><span title=\"\">De lo contrario, el seguimiento es opcional por un coste de 5 euros.<\/span><\/span><\/p>\n","protected":false},"excerpt":{"rendered":"<p><span class=\"tlid-translation translation\" lang=\"es\"><span class=\"\" title=\"\">La composici\u00f3n se entrega en 4 partes.<\/span><\/p>\n<p><span title=\"\">-Quercetina<\/span><\/p>\n<p><span title=\"\">&#8211; Vitamina C<\/span><\/p>\n<p><span title=\"\">&#8211; Vitamina D3<\/span><\/p>\n<p><span title=\"\">&#8211; Multivitam\u00ednicos y multiminerales<\/span><\/p>\n<p><span title=\"\">Para optimizar el trabajo log\u00edstico y el transporte en este inicio de Immunes Health, el pedido m\u00ednimo m\u00ednimo es de 40 eur.<\/span> <span title=\"\">Cu\u00e1l es el pedido m\u00ednimo de este kit.<\/span> <span title=\"\">Lo que significa 200 d\u00edas de una persona en salud.<\/span> <span title=\"\">o 33,33 d\u00edas de 6 individuos<\/span><\/span><\/p>\n","protected":false},"featured_media":707,"comment_status":"open","ping_status":"closed","template":"","meta":[],"product_cat":[66],"product_tag":[],"_links":{"self":[{"href":"https:\/\/immunes.health\/index.php?rest_route=\/wp\/v2\/product\/860"}],"collection":[{"href":"https:\/\/immunes.health\/index.php?rest_route=\/wp\/v2\/product"}],"about":[{"href":"https:\/\/immunes.health\/index.php?rest_route=\/wp\/v2\/types\/product"}],"replies":[{"embeddable":true,"href":"https:\/\/immunes.health\/index.php?rest_route=%2Fwp%2Fv2%2Fcomments&post=860"}],"wp:featuredmedia":[{"embeddable":true,"href":"https:\/\/immunes.health\/index.php?rest_route=\/wp\/v2\/media\/707"}],"wp:attachment":[{"href":"https:\/\/immunes.health\/index.php?rest_route=%2Fwp%2Fv2%2Fmedia&parent=860"}],"wp:term":[{"taxonomy":"product_cat","embeddable":true,"href":"https:\/\/immunes.health\/index.php?rest_route=%2Fwp%2Fv2%2Fproduct_cat&post=860"},{"taxonomy":"product_tag","embeddable":true,"href":"https:\/\/immunes.health\/index.php?rest_route=%2Fwp%2Fv2%2Fproduct_tag&post=860"}],"curies":[{"name":"wp","href":"https:\/\/api.w.org\/{rel}","templated":true}]}}