{"id":858,"date":"2020-10-11T01:38:09","date_gmt":"2020-10-11T01:38:09","guid":{"rendered":"http:\/\/immunes.health\/?product=vitamina-d3-20gr"},"modified":"2025-05-18T23:49:16","modified_gmt":"2025-05-18T23:49:16","slug":"vitamina-d3-20gr","status":"publish","type":"product","link":"https:\/\/immunes.health\/?producto=vitamina-d3-20gr&lang=es","title":{"rendered":"Vitamina d3 20gr"},"content":{"rendered":"<div class=\"text-wrap tlid-copy-target\">\n<div class=\"result-shield-container tlid-copy-target\" tabindex=\"0\">\n<p><span class=\"tlid-translation translation\" lang=\"es\"><span class=\"\" title=\"\">Vitamina D3, comercializada en hasta 100 gr.<\/span> <span class=\"\" title=\"\">viene en bolsas de papel de 100 gr.<\/span><\/span><\/p>\n<\/div>\n<p>Esta vitamina d3 en polvo tiene una pureza del 0.25%. Esto significa que for cada unidad, hay 0.05 gr de vitamina d3. Esto son 50000 mcg (2M iu), que significa 500 dosis de vitamina d3<\/p>\n<div class=\"result-shield-container tlid-copy-target\" tabindex=\"0\">\n<p><span title=\"\">Para optimizar el trabajo log\u00edstico y el transporte en este inicio de Immunes Health, el pedido m\u00ednimo m\u00ednimo es de 40 eur.<\/span> <span title=\"\">Si solo pide vitamina D3.<\/span> <span title=\"\">Deber\u00eda pedir 6 unidades para hacer 120 gr, como m\u00ednimo.<\/span><\/p>\n<p><span title=\"\">Puedes pedir m\u00e1s gr en m\u00faltiplos de 20 gr, desde aqu\u00ed.<\/span> <span title=\"\">Tambi\u00e9n puede pedir solo 20 gr como parte del producto del kit agrupado.<\/span> <span title=\"\">El transporte est\u00e1 incluido en el precio.<\/span> <span title=\"\">Seguimiento solo incluido en el precio si el pedido total es de 120 euros o m\u00e1s.<\/span><\/p>\n<p><span title=\"\">De lo contrario, el seguimiento es opcional por un coste de 5 euros.<\/span><\/p>\n<p><span title=\"\">La vitamina d3, cuya principal fuente es el sol, tiene un papel fundamental en el sistema inmunol\u00f3gico y en diferentes funciones principales de nuestro organismo.<\/span> <span title=\"\">Se sugiere 3000-4000 iu por d\u00eda, que es de 75-100 mg (excepto en verano), con s\u00edntomas que se pueden aumentar hasta 15000 iu.<\/span> <span title=\"\">para cantidades mayores considere preguntar a un profesional.<\/span><\/p>\n<\/div>\n<\/div>\n<div class=\"tlid-result-transliteration-container result-transliteration-container transliteration-container\">\n<div class=\"tlid-transliteration-content transliteration-content full\"><\/div>\n<\/div>\n<div class=\"result-footer source-or-target-footer tlid-copy-target\"><\/div>\n","protected":false},"excerpt":{"rendered":"<p><span class=\"tlid-translation translation\" lang=\"es\"><span class=\"\" title=\"\">El pedido m\u00ednimo m\u00ednimo es de 40 euros.<\/span> <span title=\"\">Si solo pide vitamina D3.<\/span> <span class=\"\" title=\"\">Deber\u00eda pedir 6 unidades para hacer 120 gr, como m\u00ednimo.<\/span><\/span><\/p>\n<p><span title=\"\">Puedes pedir m\u00e1s gr en m\u00faltiplos de 20 gr, desde aqu\u00ed.<\/span> <span title=\"\">Tambi\u00e9n puede pedir solo 20 gr como parte del producto del kit agrupado.<\/span><\/p>\n","protected":false},"featured_media":752,"comment_status":"open","ping_status":"closed","template":"","meta":[],"product_cat":[68],"product_tag":[],"_links":{"self":[{"href":"https:\/\/immunes.health\/index.php?rest_route=\/wp\/v2\/product\/858"}],"collection":[{"href":"https:\/\/immunes.health\/index.php?rest_route=\/wp\/v2\/product"}],"about":[{"href":"https:\/\/immunes.health\/index.php?rest_route=\/wp\/v2\/types\/product"}],"replies":[{"embeddable":true,"href":"https:\/\/immunes.health\/index.php?rest_route=%2Fwp%2Fv2%2Fcomments&post=858"}],"wp:featuredmedia":[{"embeddable":true,"href":"https:\/\/immunes.health\/index.php?rest_route=\/wp\/v2\/media\/752"}],"wp:attachment":[{"href":"https:\/\/immunes.health\/index.php?rest_route=%2Fwp%2Fv2%2Fmedia&parent=858"}],"wp:term":[{"taxonomy":"product_cat","embeddable":true,"href":"https:\/\/immunes.health\/index.php?rest_route=%2Fwp%2Fv2%2Fproduct_cat&post=858"},{"taxonomy":"product_tag","embeddable":true,"href":"https:\/\/immunes.health\/index.php?rest_route=%2Fwp%2Fv2%2Fproduct_tag&post=858"}],"curies":[{"name":"wp","href":"https:\/\/api.w.org\/{rel}","templated":true}]}}