{"id":855,"date":"2020-10-11T01:15:34","date_gmt":"2020-10-11T01:15:34","guid":{"rendered":"http:\/\/immunes.health\/?product=vitamina-c-600-gr"},"modified":"2025-05-16T20:07:51","modified_gmt":"2025-05-16T20:07:51","slug":"vitamina-c-600-gr","status":"publish","type":"product","link":"https:\/\/immunes.health\/?producte=vitamina-c-600-gr&lang=ca","title":{"rendered":"Vitamina C  600 gr"},"content":{"rendered":"<p><span class=\"tlid-translation translation\" lang=\"ca\"><span class=\"\" title=\"\">Vitamina C, es ven en unitats de 600 gr.<\/span> <span class=\"\" title=\"\">venint en bosses de paper de 100 gr.<\/span> <span title=\"\">Si la comanda inclou 1000 gr o m\u00e9s, s\u2019envasarien bosses de paper de 1000 gr.<\/span><\/p>\n<p><span class=\"\" title=\"\">Per tal d\u2019optimitzar el treball log\u00edstic i el transport en aquest comen\u00e7ament d\u2019Immunes Health, l\u2019ordre \u00fanic m\u00ednim \u00e9s de 40 euros.<\/span> <span class=\"\" title=\"\">Si nom\u00e9s demaneu vitamina C. haur\u00edeu de demanar 4 unitats per fer 2400 gr, com a m\u00ednim.<\/span><\/p>\n<p><span title=\"\">Podeu demanar m\u00e9s gr en m\u00faltiples de 600 gr, aqui mateix.<\/span> <span title=\"\">Tamb\u00e9 podeu demanar nom\u00e9s 400 gr com a part del producte agrupat.<\/span> <span title=\"\">El transport est\u00e0 incl\u00f2s en el preu.<\/span> <span title=\"\">El codi de seguiment de l&#8217;enviament postal nom\u00e9s s\u2019inclou al preu si la comanda total \u00e9s de 120 euros o m\u00e9s.<\/span> <span title=\"\">En cas contrari, el seguiment \u00e9s opcional per un cost de 5 euros.<\/span><\/p>\n<p><span title=\"\">La vitamina C fa funcions b\u00e0siques com a antioxidant, d\u00f3na suport al sistema immunitari i a altres funcions del cos.<\/span> <span title=\"\">Us suggerim una presa de 2 gr al dia distribu\u00efts en 2 vegades, que poden cr\u00e9ixer si teniu s\u00edmptomes, fins a 8 gr al dia.<\/span> <span title=\"\">M\u00e9s que aix\u00f2, es suggeriria preguntar a un professional.<\/span><\/span><\/p>\n","protected":false},"excerpt":{"rendered":"<p><span class=\"tlid-translation translation\" lang=\"ca\"><span title=\"\">Comanda total m\u00ednima de 40 eur.<\/span> <span class=\"\" title=\"\">Si nom\u00e9s feu una comanda, la vitamina C hauria de tenir com a m\u00ednim 2400 gr.<\/span> <span class=\"\" title=\"\">Tamb\u00e9 podeu demanar nom\u00e9s 400 gr com a part del kit de productes agrupats o una altra combinaci\u00f3 amb diferents productes<\/span><\/span><\/p>\n","protected":false},"featured_media":745,"comment_status":"open","ping_status":"closed","template":"","meta":[],"product_cat":[67],"product_tag":[],"_links":{"self":[{"href":"https:\/\/immunes.health\/index.php?rest_route=\/wp\/v2\/product\/855"}],"collection":[{"href":"https:\/\/immunes.health\/index.php?rest_route=\/wp\/v2\/product"}],"about":[{"href":"https:\/\/immunes.health\/index.php?rest_route=\/wp\/v2\/types\/product"}],"replies":[{"embeddable":true,"href":"https:\/\/immunes.health\/index.php?rest_route=%2Fwp%2Fv2%2Fcomments&post=855"}],"wp:featuredmedia":[{"embeddable":true,"href":"https:\/\/immunes.health\/index.php?rest_route=\/wp\/v2\/media\/745"}],"wp:attachment":[{"href":"https:\/\/immunes.health\/index.php?rest_route=%2Fwp%2Fv2%2Fmedia&parent=855"}],"wp:term":[{"taxonomy":"product_cat","embeddable":true,"href":"https:\/\/immunes.health\/index.php?rest_route=%2Fwp%2Fv2%2Fproduct_cat&post=855"},{"taxonomy":"product_tag","embeddable":true,"href":"https:\/\/immunes.health\/index.php?rest_route=%2Fwp%2Fv2%2Fproduct_tag&post=855"}],"curies":[{"name":"wp","href":"https:\/\/api.w.org\/{rel}","templated":true}]}}