{"id":852,"date":"2020-10-11T00:59:59","date_gmt":"2020-10-11T00:59:59","guid":{"rendered":"http:\/\/immunes.health\/?product=quercetina-en-pols-100-gr"},"modified":"2020-10-18T15:03:41","modified_gmt":"2020-10-18T15:03:41","slug":"quercetina-en-pols-100-gr","status":"publish","type":"product","link":"https:\/\/immunes.health\/?producte=quercetina-en-pols-100-gr&lang=ca","title":{"rendered":"Quercetina en pols 100 gr"},"content":{"rendered":"<p><span class=\"tlid-translation translation\" lang=\"ca\"><span class=\"\" title=\"\">S&#8217;envia en bosses de paper de 100 gr de quercetina en pols deshidratat.<\/span> <span title=\"\">98% de puresa.<\/span><\/p>\n<p><span title=\"\">Per tal d\u2019optimitzar el treball log\u00edstic i el transport en aquest comen\u00e7ament d\u2019Immunes Health, l\u2019ordre \u00fanic m\u00ednim \u00e9s de 40 euros.<\/span> <span title=\"\">Si nom\u00e9s demaneu quercetina, heu de demanar 3 unitats per fer 300 gr, com a m\u00ednim.<\/span><\/p>\n<p><span title=\"\">Podeu demanar m\u00e9s gr en m\u00faltiples de 100 gr, des d&#8217; aqu\u00ed.<\/span> <span title=\"\">Tamb\u00e9 podeu demanar nom\u00e9s 100 gr com a part del producte agrupat.<\/span> <span title=\"\">El transport est\u00e0 incl\u00f2s en el preu.<\/span> <span title=\"\">El codi de seguiment nom\u00e9s s\u2019inclou al preu si la comanda total \u00e9s de 120 euros o m\u00e9s.<\/span><\/p>\n<p><span title=\"\">En cas contrari, el seguiment \u00e9s opcional per un cost de 5 euros.<\/span><\/p>\n<p><span title=\"\">S&#8217;ha de prendre combinat amb vitamina C per facilitar l&#8217;absorci\u00f3.<\/span> <span title=\"\">Proporci\u00f3 4 gr de vitamina C per 1 gr de quercetina.<\/span><\/p>\n<p><span title=\"\">Dosi normal.<\/span> <span title=\"\">500 mg al dia.<\/span> <span title=\"\">Almenys en dos temps.<\/span> <span title=\"\">Quan els s\u00edmptomes es poden duplicar des del primer dia i despr\u00e9s augmentar si els s\u00edmptomes no es remeten, fins a 2000 mg al dia.<\/span> <span title=\"\">Per augmentar m\u00e9s, millor obtenir consell d&#8217;un professional.<\/span><\/span><\/p>\n","protected":false},"excerpt":{"rendered":"<p><span class=\"tlid-translation translation\" lang=\"ca\"><span title=\"\">L\u2019ordre m\u00ednim \u00e9s de 40 euros. Si nom\u00e9s demaneu quercetina, heu de demanar 3 unitats per fer 300 gr, com a m\u00ednim. Tamb\u00e9 podeu demanar nom\u00e9s 100 gr com a part del producte agrupat.<\/span><br \/><\/span><\/p>\n<p>&nbsp;<\/p>\n","protected":false},"featured_media":738,"comment_status":"open","ping_status":"closed","template":"","meta":[],"product_cat":[69],"product_tag":[],"_links":{"self":[{"href":"https:\/\/immunes.health\/index.php?rest_route=\/wp\/v2\/product\/852"}],"collection":[{"href":"https:\/\/immunes.health\/index.php?rest_route=\/wp\/v2\/product"}],"about":[{"href":"https:\/\/immunes.health\/index.php?rest_route=\/wp\/v2\/types\/product"}],"replies":[{"embeddable":true,"href":"https:\/\/immunes.health\/index.php?rest_route=%2Fwp%2Fv2%2Fcomments&post=852"}],"wp:featuredmedia":[{"embeddable":true,"href":"https:\/\/immunes.health\/index.php?rest_route=\/wp\/v2\/media\/738"}],"wp:attachment":[{"href":"https:\/\/immunes.health\/index.php?rest_route=%2Fwp%2Fv2%2Fmedia&parent=852"}],"wp:term":[{"taxonomy":"product_cat","embeddable":true,"href":"https:\/\/immunes.health\/index.php?rest_route=%2Fwp%2Fv2%2Fproduct_cat&post=852"},{"taxonomy":"product_tag","embeddable":true,"href":"https:\/\/immunes.health\/index.php?rest_route=%2Fwp%2Fv2%2Fproduct_tag&post=852"}],"curies":[{"name":"wp","href":"https:\/\/api.w.org\/{rel}","templated":true}]}}