{"id":851,"date":"2020-10-11T00:59:59","date_gmt":"2020-10-11T00:59:59","guid":{"rendered":"http:\/\/immunes.health\/?product=quercetin-powder-100-gr"},"modified":"2020-10-18T15:06:30","modified_gmt":"2020-10-18T15:06:30","slug":"quercetin-polvo-100-gr","status":"publish","type":"product","link":"https:\/\/immunes.health\/?producto=quercetin-polvo-100-gr&lang=es","title":{"rendered":"Quercetina en polvo 100 gr"},"content":{"rendered":"<div class=\"text-wrap tlid-copy-target\">\n<div class=\"result-shield-container tlid-copy-target\" tabindex=\"0\"><span class=\"tlid-translation translation\" lang=\"es\"><span class=\"\" title=\"\">Viene en bolsas de papel de 100 gr de quercetina en polvo dihidratado.<\/span> <span title=\"\">98% de pureza.<\/span><\/p>\n<p><span title=\"\">Para optimizar el trabajo log\u00edstico y el transporte en este inicio de Immunes Health, el pedido m\u00ednimo m\u00ednimo es de 40 eur.<\/span> <span title=\"\">Si solo pides quercetina debes pedir 3 unidades para hacer 300 gr, como m\u00ednimo.<\/span><\/p>\n<p><span title=\"\">Puedes pedir m\u00e1s gr en m\u00faltiplos de 100 gr, ya que aqu\u00ed.<\/span> <span title=\"\">Tambi\u00e9n puede pedir solo 100 gr como parte del producto del kit agrupado.<\/span> <span title=\"\">El transporte est\u00e1 incluido en el precio.<\/span> <span title=\"\">Seguimiento solo incluido en el precio si el pedido total es de 120 euros o m\u00e1s.<\/span><\/p>\n<p><span title=\"\">De lo contrario, el seguimiento es opcional por un coste de 5 euros.<\/span><\/p>\n<p><span title=\"\">Debe tomarlo combinado con vitamina C para facilitar la absorci\u00f3n.<\/span> <span title=\"\">Proporci\u00f3n de 4 gr de vitamina C por 1 gr de quercetina.<\/span><\/p>\n<p><span title=\"\">Dosis normal.<\/span> <span title=\"\">500 mg por d\u00eda.<\/span> <span title=\"\">Al menos en dos ocasiones.<\/span> <span title=\"\">Cuando los s\u00edntomas podr\u00edan duplicarse desde el primer d\u00eda y luego aumentar si los s\u00edntomas no desaparecen, hasta 2000 mg por d\u00eda.<\/span> <span title=\"\">Para m\u00e1s aumento mejor conseguir consejo de un profesional.<\/span><\/span><\/div>\n<\/div>\n<div class=\"tlid-result-transliteration-container result-transliteration-container transliteration-container\">\u00a0<\/div>\n<div class=\"gp-footer\">\n<div class=\"ft-icon-row\">\n<div class=\"ft-icon-ctr tlid-community-button\">\n<div class=\"footer-icon-container ft-icon-img-cmn\">\n<div class=\"ft-icon-txt\">\u00a0<\/div>\n<\/div>\n<\/div>\n<\/div>\n<\/div>\n","protected":false},"excerpt":{"rendered":"<p><span class=\"tlid-translation translation\" lang=\"es\"><span title=\"\">El pedido m\u00ednimo m\u00ednimo es de 40 eur. Si solo pides quercetina debes pedir 3 unidades para hacer 300 gr, como m\u00ednimo.<\/p>\n<p><\/span><\/span><\/p>\n","protected":false},"featured_media":738,"comment_status":"open","ping_status":"closed","template":"","meta":[],"product_cat":[70],"product_tag":[],"_links":{"self":[{"href":"https:\/\/immunes.health\/index.php?rest_route=\/wp\/v2\/product\/851"}],"collection":[{"href":"https:\/\/immunes.health\/index.php?rest_route=\/wp\/v2\/product"}],"about":[{"href":"https:\/\/immunes.health\/index.php?rest_route=\/wp\/v2\/types\/product"}],"replies":[{"embeddable":true,"href":"https:\/\/immunes.health\/index.php?rest_route=%2Fwp%2Fv2%2Fcomments&post=851"}],"wp:featuredmedia":[{"embeddable":true,"href":"https:\/\/immunes.health\/index.php?rest_route=\/wp\/v2\/media\/738"}],"wp:attachment":[{"href":"https:\/\/immunes.health\/index.php?rest_route=%2Fwp%2Fv2%2Fmedia&parent=851"}],"wp:term":[{"taxonomy":"product_cat","embeddable":true,"href":"https:\/\/immunes.health\/index.php?rest_route=%2Fwp%2Fv2%2Fproduct_cat&post=851"},{"taxonomy":"product_tag","embeddable":true,"href":"https:\/\/immunes.health\/index.php?rest_route=%2Fwp%2Fv2%2Fproduct_tag&post=851"}],"curies":[{"name":"wp","href":"https:\/\/api.w.org\/{rel}","templated":true}]}}