{"id":90,"date":"2020-04-15T11:28:23","date_gmt":"2020-04-15T11:28:23","guid":{"rendered":"http:\/\/immunes.health\/?page_id=90"},"modified":"2020-04-19T15:50:11","modified_gmt":"2020-04-19T15:50:11","slug":"utilizziamo-la-quercetina","status":"publish","type":"page","link":"https:\/\/immunes.health\/?page_id=90&lang=it","title":{"rendered":"Utilizziamo la Quercetina"},"content":{"rendered":"\n<p>Avere un sistema immunitario sano \u00e8 una condizione necessaria, ma potrebbe non essere sufficiente per evitare l&#8217;effetto del virus. Se c&#8217;\u00e8 abbastanza carica virale, hai bisogno di ulteriore carico nutrizionale e immunitario per difenderti. Devi mangiare bene e garantire tutti i nutrienti di cui il sistema immunitario ha bisogno, dal cibo o integrandoli.\u00c8 qui che la quercetina \u00e8 alleata di&nbsp; primi sospetti e dei primi sintomi. \u00c8 un potente antiossidante, un antinfiammatorio e antivirale con un grado molto ampio di azione, una difesa dal virus con diversi meccanismi contemporaneamente.<br><\/p>\n\n\n\n<p>Abbiamo osservato come si sta estendendo la combinazione di un farmaco artificiale: idrossiclorochina + vitamina C + vitamina D + zinco. Nella ricerca originale che \u00e8 arrivata a creare Immunes Health, abbiamo trovatoche la quercetina, non solo pu\u00f2 fare lo stesso effetto dell&#8217;idrossiclorochina, ma pu\u00f2 offrire un supporto multidimensionale, pi\u00f9 ampio alle esigenze dei nostri corpi che combattono il Covid-19. Con il vantaggio che essendo un composto naturale \u00e8 molto pi\u00f9 sicuro, pu\u00f2 essere usato a lungo termine e pu\u00f2 essere accessibile velocemente, senza la necessit\u00e0 di una diagnosi medica, ma producendolo dal cibo se necessario.<\/p>\n\n\n\n<p class=\"has-medium-font-size\"><strong>QUERCETINA<\/strong><\/p>\n\n\n\n<p>La quercetina \u00e8 un bioflavonoide presente in molte verdure e frutta, sebbene nella maggior parte si trovi in \u200b\u200bpiccole quantit\u00e0 (vedi immagine)<\/p>\n\n\n\n<p>Ecco un articolo che riassume quello che \u00e8: <a href=\"https:\/\/www.healthline.com\/nutrition\/quercetin\">https:\/\/www.healthline.com\/nutrition\/quercetin<\/a><\/p>\n\n\n\n<figure class=\"wp-block-image size-large\"><img loading=\"lazy\" decoding=\"async\" width=\"731\" height=\"1024\" src=\"http:\/\/immunes.health\/wp-content\/uploads\/2020\/04\/photo_2020-03-24_14-45-11-1.jpg\" alt=\"\" class=\"wp-image-91\" srcset=\"https:\/\/immunes.health\/wp-content\/uploads\/2020\/04\/photo_2020-03-24_14-45-11-1.jpg 731w, https:\/\/immunes.health\/wp-content\/uploads\/2020\/04\/photo_2020-03-24_14-45-11-1-600x840.jpg 600w, https:\/\/immunes.health\/wp-content\/uploads\/2020\/04\/photo_2020-03-24_14-45-11-1-214x300.jpg 214w\" sizes=\"(max-width: 731px) 100vw, 731px\" \/><\/figure>\n\n\n\n<ul><li> Come antivirale, impedisce a Sars-cov-2 di entrare nelle cellule (inibitore della proteina ACE2 attraverso la quale il virus entra nelle cellule). Inibitore anche di altre vie di accesso alternative (vedi tabella nell&#8217;immagine di questo post)<\/li><li> Come antivirale, impedisce anche di moltiplicarsi tra le cellule (questo come uno ionizzatore di zinco proprio come l&#8217;idrossiclorochina).<\/li><li> \u00c8 anti-infiammatorio per proteggere dalla tempesta di citochine (che \u00e8 la principale causa di morte nei giovani)<\/li><li> \u00c8 un potente antiossidante per difendere i polmoni dall&#8217;ARDS, la sindrome causata dalla sepsi \u00e8 la principale causa di morte correlata a Covid-19.<\/li><li> Un modo in cui la quercetina collega le loro propriet\u00e0 antiossidanti e antinfiammatorie \u00e8 l&#8217;attivit\u00e0 di chelazione del ferro, aiutando le cellule a recuperare il ferro necessario per fare la loro ossigenazione dopo che l&#8217;infiammazione \u00e8 iniziata, creando un effetto opposto con il processo di ferritina.<\/li><\/ul>\n\n\n\n<p>\u00c8 l&#8217;unico prodotto con tutte queste capacit\u00e0 che pu\u00f2 essere ottenuto senza prescrizione medica e in tempo per non far diventare gravi i sintomi lievi.Consigliati&nbsp;&nbsp;<em>500 mg al giorno<\/em>&nbsp;in uno stato sano e&nbsp;<em>fino a 2000 mg al giorno&nbsp;<\/em>se si \u00e8 malati.\u00c8 una buona idea prenderlo con la vitamina C che aiuta nel suo assorbimento (1000 mg se sani e 10000 mg con malattie pesanti, e non dimenticare di avere anche cibo con zinco o aggiungere 30-100 mg in supplemento).<\/p>\n\n\n\n<p>Di solito si trova nelle farmacie, se non lo hanno in magazzino lo chiedi e lo hanno in meno di 24 ore. Se per qualsiasi motivo \u00e8 finita o non hai accesso, puoi cercare cipolle rosse e altri alimenti con Quercetina e calcolare gli importi in base all&#8217;immagine allegata.<\/p>\n\n\n\n<figure class=\"wp-block-image size-large is-resized\"><img loading=\"lazy\" decoding=\"async\" src=\"http:\/\/immunes.health\/wp-content\/uploads\/2020\/04\/photo_2020-04-16_15-44-04-1.jpg\" alt=\"\" class=\"wp-image-302\" width=\"374\" height=\"249\" srcset=\"https:\/\/immunes.health\/wp-content\/uploads\/2020\/04\/photo_2020-04-16_15-44-04-1.jpg 395w, https:\/\/immunes.health\/wp-content\/uploads\/2020\/04\/photo_2020-04-16_15-44-04-1-300x200.jpg 300w\" sizes=\"(max-width: 374px) 100vw, 374px\" \/><figcaption>Cipolle rosse, mele e peperone verde, alcuni alimenti con quercetina<\/figcaption><\/figure>\n\n\n\n<p><br><\/p>\n\n\n\n<p>Controlla qui i riferimenti scientifici a quercetina e altri composti naturali <a rel=\"noreferrer noopener\" aria-label=\"http:\/\/immunes.health\/?page_id=97&amp;lang=it (opens in a new tab)\" href=\"http:\/\/immunes.health\/?page_id=97&amp;lang=it\" target=\"_blank\">http:\/\/immunes.health\/?page_id=97&amp;lang=it<\/a><\/p>\n\n\n\n<p><strong>Difendiamo il nostro sistema immunitario. Difendiamo la nostra salute personale e collettiva, nessuno far\u00e0 di meglio di noi.<\/strong><\/p>\n","protected":false},"excerpt":{"rendered":"<p>Avere un sistema immunitario sano \u00e8 una condizione necessaria, ma potrebbe non essere sufficiente per evitare l&#8217;effetto del virus. Se c&#8217;\u00e8 abbastanza carica virale, hai bisogno di ulteriore carico nutrizionale e immunitario per difenderti. Devi mangiare bene e garantire tutti i nutrienti di cui il sistema immunitario ha bisogno, dal cibo o integrandoli.\u00c8 qui che [&hellip;]<\/p>\n","protected":false},"author":2,"featured_media":0,"parent":0,"menu_order":0,"comment_status":"closed","ping_status":"closed","template":"templates\/page-left-sidebar.php","meta":{"footnotes":""},"_links":{"self":[{"href":"https:\/\/immunes.health\/index.php?rest_route=\/wp\/v2\/pages\/90"}],"collection":[{"href":"https:\/\/immunes.health\/index.php?rest_route=\/wp\/v2\/pages"}],"about":[{"href":"https:\/\/immunes.health\/index.php?rest_route=\/wp\/v2\/types\/page"}],"author":[{"embeddable":true,"href":"https:\/\/immunes.health\/index.php?rest_route=\/wp\/v2\/users\/2"}],"replies":[{"embeddable":true,"href":"https:\/\/immunes.health\/index.php?rest_route=%2Fwp%2Fv2%2Fcomments&post=90"}],"version-history":[{"count":5,"href":"https:\/\/immunes.health\/index.php?rest_route=\/wp\/v2\/pages\/90\/revisions"}],"predecessor-version":[{"id":406,"href":"https:\/\/immunes.health\/index.php?rest_route=\/wp\/v2\/pages\/90\/revisions\/406"}],"wp:attachment":[{"href":"https:\/\/immunes.health\/index.php?rest_route=%2Fwp%2Fv2%2Fmedia&parent=90"}],"curies":[{"name":"wp","href":"https:\/\/api.w.org\/{rel}","templated":true}]}}