{"id":88,"date":"2020-04-15T11:22:02","date_gmt":"2020-04-15T11:22:02","guid":{"rendered":"http:\/\/immunes.health\/?page_id=88"},"modified":"2020-04-29T17:39:53","modified_gmt":"2020-04-29T17:39:53","slug":"cosa-possiamo-fare-per-prevenire-le-malattie-e-quando-si-verificano-i-primi-sintomi","status":"publish","type":"page","link":"https:\/\/immunes.health\/?page_id=88&lang=it","title":{"rendered":"La nostra proposta di KIT"},"content":{"rendered":"\n<p>I nutrienti che hanno dimostrato (in studi su animali o umani) di essere necessari affinch\u00e9 il sistema immunitario funzioni in modo efficiente, includono: aminoacidi essenziali, acido linoleico acido grasso essenziale, vitamina A, acido folico, vitamina B6, vitamina B12, vitamina C, vitamina D, vitamina E, Zn, Cu, Fe e Se. Praticamente tutte le forme di immunit\u00e0 possono essere colpite da carenze di uno o pi\u00f9 di questi nutrienti.&nbsp;<a href=\"https:\/\/www.ncbi.nlm.nih.gov\/pubmed\/12495459\">https:\/\/www.ncbi.nlm.nih.gov\/pubmed\/12495459<\/a><\/p>\n\n\n\n<p>La FAO ha mostrato i pericoli della carenza di nutrienti essenziali per il nostro sistema immunitario <a href=\"http:\/\/www.fao.org\/3\/CA2243EN\/ca2243en.pdf\">http:\/\/www.fao.org\/3\/CA2243EN\/ca2243en.pdf<\/a><\/p>\n\n\n\n<p>Dobbiamo garantire che tutti questi nutrienti rimangano presenti nel corpo quando siamo sani e specialmente in un processo di malattia <a href=\"https:\/\/www.tandfonline.com\/doi\/full\/10.1080\/09540105.2015.1079600\">https:\/\/www.tandfonline.com\/doi\/full\/10.1080\/09540105.2015.1079600<\/a> <\/p>\n\n\n\n<p>In realt\u00e0, per alcuni di essi saranno necessarie quantit\u00e0 molto pi\u00f9 grandi del solito, perch\u00e9 sono spesi per combattere l&#8217;infezione da virus. La mancanza di nutrimento nelle diverse fasi di una malattia pu\u00f2 avere conseguenze fatali e sia a casa che in ospedale \u00e8 molto importante assicurarsi che rimanga forte.<\/p>\n\n\n\n<p>Ecco perch\u00e9, sulla base delle nostre ricerche e dei riferimenti di alcuni professionisti medici, abbiamo scelto di proporre ai cittadini di utilizzare il seguente<strong>&nbsp;kit<\/strong>:<\/p>\n\n\n\n<ul><li><strong><em>Quercetina\u00a0<\/em>**<\/strong>. Agente antivirale generale. Proteina ACE2 inibita, dimostrata dalla ricerca supercomputer. Ionizzatore di zinco Antinfiammatorio.\u00a0<strong><em>500 mg al giorno<\/em><\/strong><\/li><li><strong><em>Zinco**\u00a0<\/em><\/strong>Evita che il virus si moltiplichi nelle cellule.\u00a0<strong><em>40 mg al giorno<\/em><\/strong><\/li><li><strong><em>Vitamina C**<\/em><\/strong>\u00a0modula e rinforza il sistema immunitario, aumenta l&#8217;assorbimento della quercetina.\u00a0<strong><em>2000 mg al giorno<\/em><\/strong><\/li><li><strong>Vitamina D3**<\/strong>\u00a0Potenzia il sistema immunitario. Difficile quando c&#8217;\u00e8 mancanza di sole come accade nel confinamento\u00a0<strong><em>2000-3000 ui al giorno<\/em><\/strong><\/li><li>Integratori alimentari e, se necessario, che includono altri elementi del sistema immunitario come acido folico, vitamina B6, vitamina B12, vitamina E, rame e selenio.<\/li><\/ul>\n\n\n\n<p>La quercetina e la vitamina C devono essere assunte insieme poich\u00e9 la vitamina C aiuta l&#8217;assorbimento della quercetina (anche l&#8217;olio d&#8217;oliva aiuta l&#8217;assorbimento della quercetina).<\/p>\n\n\n\n<figure class=\"wp-block-image size-large is-resized\"><img loading=\"lazy\" decoding=\"async\" src=\"http:\/\/immunes.health\/wp-content\/uploads\/2020\/04\/19e5d911-933b-4a58-8c04-39b24da77dd7-1.jpeg\" alt=\"\" class=\"wp-image-151\" width=\"437\" height=\"291\" srcset=\"https:\/\/immunes.health\/wp-content\/uploads\/2020\/04\/19e5d911-933b-4a58-8c04-39b24da77dd7-1.jpeg 320w, https:\/\/immunes.health\/wp-content\/uploads\/2020\/04\/19e5d911-933b-4a58-8c04-39b24da77dd7-1-300x200.jpeg 300w\" sizes=\"(max-width: 437px) 100vw, 437px\" \/><figcaption>\u00e8 importante che la vitamina C e la quercetina si uniscano.<\/figcaption><\/figure>\n\n\n\n<p>Per quanto riguarda i primi sintomi, quando sperimentiamo la tosse o il muco, o se sperimentiamo la febbre o alcuni dei primi sistemi noti, significa che il nostro sistema immunitario sar\u00e0 pi\u00f9 impegnato a reagire.Abbiamo quindi bisogno di pi\u00f9 nutrienti chiave per farli funzionare all&#8217;intensit\u00e0 di cui il nostro corpo ha bisogno. Dato che i sintomi sono pi\u00f9 frequenti e forti, avremo bisogno di pi\u00f9 quantit\u00e0 dei seguenti composti.<\/p>\n\n\n\n<ul><li><strong><em>Quercetina\u00a0<\/em>**<\/strong>\u00a0Agente antivirale generale. Proteina ACE2 inibita dimostrata dalla ricerca supercomputer. Ionizzatore di zinco Antinfiammatorio. \u00a0<strong><em>Fino a 2000 mg al giorno<\/em><\/strong><\/li><li>\u00a0<strong><em>Zinco**\u00a0<\/em><\/strong>Evita che il virus si moltiplichi nelle cellule.\u00a0<strong><em>Fino a 100 mg al giorno<\/em><\/strong><\/li><li><strong><em>Vitamina C**<\/em><\/strong>\u00a0modula e rinforza il sistema immunitario, aumenta l&#8217;assorbimento della quercetina.<strong><em> Fino a 10000 mg al giorno<\/em><\/strong><\/li><li><strong>Vitamina D3**<\/strong>\u00a0Potenzia il sistema immunitario. Difficile quando c&#8217;\u00e8 mancanza di sole come accade nel confinamento.<strong><em> Fino a\u00a015000 ui al giorno<\/em><\/strong><\/li><li>Potrebbero anche essere utili integratori che includono altri elementi del sistema immunitario come\u00a0<strong><em>acido folico, vitamina B6, vitamina B12, vitamina E, rame e selenio<\/em><\/strong>. Un\u00a0<strong><em>composto multivitaminico\u00a0<\/em><\/strong>&#8211; <strong><em>multiminerale<\/em><\/strong> potrebbe aiutare ad averli tutti.<\/li><\/ul>\n\n\n\n<p>Distribuisci il loro utilizzo durante il giorno con una frequenza basata sui sintomi. Ad esempio: la quercetina e la vitamina C potrebbero essere assunte ogni 4 ore con solo pochi sintomi e ogni 2 ore quando i sintomi sono sempre pi\u00f9 forti.<\/p>\n\n\n\n<p>Naturalmente una dieta nutritiva bilanciata dovrebbe essere presente in ogni momento sensibile della nostra vita!<\/p>\n\n\n\n<p><strong>* Per condizioni preesistenti o gravidanza, consultare il medico prima di prendere il kit.<\/strong><\/p>\n\n\n\n<p>** Ulteriori informazioni sulla quercetina in questo link: <a rel=\"noreferrer noopener\" aria-label=\"http:\/\/immunes.health\/?page_id=90&amp;lang=it (opens in a new tab)\" href=\"http:\/\/immunes.health\/?page_id=90&amp;lang=it\" target=\"_blank\">http:\/\/immunes.health\/?page_id=90&amp;lang=it<\/a><\/p>\n\n\n\n<p>*** Controlla qui i riferimenti scientifici a quercetina e altri composti naturali <a rel=\"noreferrer noopener\" href=\"http:\/\/immunes.health\/?page_id=97&amp;lang=it\" target=\"_blank\">http:\/\/immunes.health\/?page_id=97&amp;lang=it<\/a><\/p>\n","protected":false},"excerpt":{"rendered":"<p>I nutrienti che hanno dimostrato (in studi su animali o umani) di essere necessari affinch\u00e9 il sistema immunitario funzioni in modo efficiente, includono: aminoacidi essenziali, acido linoleico acido grasso essenziale, vitamina A, acido folico, vitamina B6, vitamina B12, vitamina C, vitamina D, vitamina E, Zn, Cu, Fe e Se. Praticamente tutte le forme di immunit\u00e0 [&hellip;]<\/p>\n","protected":false},"author":2,"featured_media":0,"parent":0,"menu_order":0,"comment_status":"closed","ping_status":"closed","template":"templates\/page-left-sidebar.php","meta":{"footnotes":""},"_links":{"self":[{"href":"https:\/\/immunes.health\/index.php?rest_route=\/wp\/v2\/pages\/88"}],"collection":[{"href":"https:\/\/immunes.health\/index.php?rest_route=\/wp\/v2\/pages"}],"about":[{"href":"https:\/\/immunes.health\/index.php?rest_route=\/wp\/v2\/types\/page"}],"author":[{"embeddable":true,"href":"https:\/\/immunes.health\/index.php?rest_route=\/wp\/v2\/users\/2"}],"replies":[{"embeddable":true,"href":"https:\/\/immunes.health\/index.php?rest_route=%2Fwp%2Fv2%2Fcomments&post=88"}],"version-history":[{"count":8,"href":"https:\/\/immunes.health\/index.php?rest_route=\/wp\/v2\/pages\/88\/revisions"}],"predecessor-version":[{"id":441,"href":"https:\/\/immunes.health\/index.php?rest_route=\/wp\/v2\/pages\/88\/revisions\/441"}],"wp:attachment":[{"href":"https:\/\/immunes.health\/index.php?rest_route=%2Fwp%2Fv2%2Fmedia&parent=88"}],"curies":[{"name":"wp","href":"https:\/\/api.w.org\/{rel}","templated":true}]}}