{"id":822,"date":"2020-10-14T16:35:59","date_gmt":"2020-10-14T16:35:59","guid":{"rendered":"http:\/\/immunes.health\/?page_id=822"},"modified":"2020-10-14T18:58:40","modified_gmt":"2020-10-14T18:58:40","slug":"per-que-una-cooperativa","status":"publish","type":"page","link":"https:\/\/immunes.health\/?page_id=822&lang=ca","title":{"rendered":"Per qu\u00e8 una cooperativa?"},"content":{"rendered":"\n<p>Una primera ra\u00f3 per la qu\u00e8 Immunes Health ha escollit ser una cooperativa \u00e9s la pol\u00edtica que ja s\u2019explica en els textos existents. Una cooperativa permet que tots tinguin els mateixos drets i participin en les principals decisions com a iguals. Agra\u00efrem l\u2019opini\u00f3 dels experts en cada \u00e0rea, per\u00f2 elegirem qu\u00e8 fer, junts.<br><br>En un m\u00f3n de la salut, impulsat per la combinaci\u00f3 d\u2019autoritats econ\u00f2miques, pol\u00edtiques i cient\u00edfiques, que tenen pacients i ciutadans condenats a un paper secundari encara si parlem de la nostra salut, recuperar la democr\u00e0cia en mans dels ciutadans \u00e9s especialment important. Una forma d\u2019organitzaci\u00f3 cooperativa ens permet fer-ho. Ens permet tenir un proc\u00e9s d\u2019autogovern democr\u00e0tic que manter l\u2019inter\u00e9s com\u00fa com el nostre objectiu.<\/p>\n\n\n\n<p><br>Tamb\u00e9 hi hagut en la hist\u00f2ria, grans cooperatives que es converteixen en grans corporacions i en algun moment deixaran d\u2019atendre les necessitats genu\u00efnes dels seus membres com a primera prioritat.<br>Per aix\u00f2 \u00e9s molt important utilitzar les eines digitals per fer possible la participaci\u00f3 directa dels membres, especialment quan creixem.<br><br>Per a servir servir les aplicacions descentralitzades (Dapp) que estem desenvolupant.<br><br>Otro motiu \u00e9s l\u2019econ\u00f2mic. Com cooperativa tots som consumidors per adquirir i distribuir els complements saludables que volem utilitzar. Tenim el mateix objectiu. Obtenir productes de la millor qualitat al millor preu, evitant intermediaris i c\u00e0rregues innecess\u00e0ries. Podr\u00edem necessitar agregar capital per fer un equilibri i obtenir millors preus. Les cooperatives de consumidors tenen una experi\u00e8ncia hist\u00f2rica des del segle XIX i s\u2019uneixen a aquesta llarga experi\u00e8ncia amb Immunes Health \u00e9s el correcte.<br><br>Una ra\u00f3 legal est\u00e0 relacionada amb l&#8217;anterior. L\u2019espai intern d\u2019una cooperativa \u00e9s privat en relaci\u00f3 amb els lleis comercials d\u2019un pa\u00eds. Aix\u00f2 significa que entre els membres d\u2019una cooperativa podem compartir productes sense necessitat de tenir les llic\u00e8ncies associades a aquests productes. Per aix\u00f2, per exemple, existeixen cooperatives que ofereixen serveis financers nom\u00e9s als seus membres sense tenir una llic\u00e8ncia banc\u00e0ria.<br>En Immunes Health comprenem i distribu\u00efm entre els nostres membres suplements saludables segurs de venda lliure que no necessitem receta m\u00e8dica i, per tant, no necessitem una llic\u00e8ncia per adquirir-los, per\u00f2 encara aix\u00ed podr\u00edem necessitar en alguns casos mantenir procediments d\u2019empacament m\u00e9s estrictes per a venedors. al p\u00fablic, que \u00e9s alguna cosa que explorem en un futur proper, per\u00f2 ser una cooperativa fa possible desenvolupar la nostra experi\u00e8ncia des del principi, de forma segura, atenent els pedits nom\u00e9s als socis.<br><br>Com es pot haver observat, la tarifa inicial per convertir-se en membre \u00e9s molt baixa. Tan sols 10 euros. Aix\u00f2 es deu a que realment volem que qualsevol cosa pugui tenir l&#8217;oportunitat de ser part de la cooperativa, participar a <a href=\"https:\/\/coopfunding.net\/ca\/campaigns\/immuneshealth\/\" data-type=\"URL\" data-id=\"https:\/\/coopfunding.net\/ca\/campaigns\/immuneshealth\/\" target=\"_blank\" rel=\"noreferrer noopener\">coopfunding.net,<\/a> comen\u00e7ar a ordenar productes i participar de totes les formes possibles.<\/p>\n","protected":false},"excerpt":{"rendered":"<p>Una primera ra\u00f3 per la qu\u00e8 Immunes Health ha escollit ser una cooperativa \u00e9s la pol\u00edtica que ja s\u2019explica en els textos existents. Una cooperativa permet que tots tinguin els mateixos drets i participin en les principals decisions com a iguals. Agra\u00efrem l\u2019opini\u00f3 dels experts en cada \u00e0rea, per\u00f2 elegirem qu\u00e8 fer, junts. En un [&hellip;]<\/p>\n","protected":false},"author":1,"featured_media":0,"parent":0,"menu_order":0,"comment_status":"closed","ping_status":"closed","template":"","meta":{"footnotes":""},"_links":{"self":[{"href":"https:\/\/immunes.health\/index.php?rest_route=\/wp\/v2\/pages\/822"}],"collection":[{"href":"https:\/\/immunes.health\/index.php?rest_route=\/wp\/v2\/pages"}],"about":[{"href":"https:\/\/immunes.health\/index.php?rest_route=\/wp\/v2\/types\/page"}],"author":[{"embeddable":true,"href":"https:\/\/immunes.health\/index.php?rest_route=\/wp\/v2\/users\/1"}],"replies":[{"embeddable":true,"href":"https:\/\/immunes.health\/index.php?rest_route=%2Fwp%2Fv2%2Fcomments&post=822"}],"version-history":[{"count":3,"href":"https:\/\/immunes.health\/index.php?rest_route=\/wp\/v2\/pages\/822\/revisions"}],"predecessor-version":[{"id":837,"href":"https:\/\/immunes.health\/index.php?rest_route=\/wp\/v2\/pages\/822\/revisions\/837"}],"wp:attachment":[{"href":"https:\/\/immunes.health\/index.php?rest_route=%2Fwp%2Fv2%2Fmedia&parent=822"}],"curies":[{"name":"wp","href":"https:\/\/api.w.org\/{rel}","templated":true}]}}