{"id":821,"date":"2020-10-14T16:29:55","date_gmt":"2020-10-14T16:29:55","guid":{"rendered":"http:\/\/immunes.health\/?page_id=821"},"modified":"2020-10-14T18:28:33","modified_gmt":"2020-10-14T18:28:33","slug":"por-que-una-cooperativa","status":"publish","type":"page","link":"https:\/\/immunes.health\/?page_id=821&lang=es","title":{"rendered":"Por qu\u00e9 una cooperativa?"},"content":{"rendered":"\n<p>Una primera raz\u00f3n  por la que Immunes Health ha escogido ser una cooperativa es la pol\u00edtica que ya se explica en los textos existentes. Una cooperativa permite que todos tengan los mismos derechos y participemos en las principales decisiones como iguales. Agradeceremos la opini\u00f3n de los expertos en cada \u00e1rea, pero elegiremos qu\u00e9 hacer, juntos.<br><br>En un mundo de la salud, impulsado por la combinaci\u00f3n de autoridades econ\u00f3micas, pol\u00edticas y cient\u00edficas, que tienen pacientes y ciudadanos condenados a un papel secundario a\u00fan si hablamos de nuestra salud, recuperar la democracia en manos de los ciudadanos es especialmente importante. Una forma de organizaci\u00f3n cooperativa nos permite hacerlo. Perm\u00edtanos tener un proceso de autogobierno que mantiene el inter\u00e9s com\u00fan como nuestro objetivo.<br><br>Aunque ha habido en la historia, las grandes cooperativas que se convirtieron en grandes corporaciones y en alg\u00fan momento dejaron de atender las necesidades genuinas de sus miembros como primera prioridad. Por eso es muy importante utilizar las herramientas digitales para hacer posible la participaci\u00f3n directa de los miembros, especialmente cuando crecemos.<br><br>Para ello servir\u00e1n las aplicaciones descentralizadas (Dapp) que estamos desarrollando.<br><br>Otro motivo es el econ\u00f3mico. Como cooperativa todos somos consumidores para adquirir y distribuir los complementos saludables que queremos utilizar. Tenemos el mismo objetivo. Obtener productos de la mejor calidad al mejor precio, evitando intermediarios y cargas innecesarios. Podr\u00edamos necesitar agregar capital para generar stock y obtener mejores precios. Las cooperativas de consumidores tienen una experiencia hist\u00f3rica desde el siglo XIX y se unen a esta larga experiencia con Immunes Health es lo apropiado.<br><br>Una raz\u00f3n legal est\u00e1 relacionada con la anterior. El espacio interno de una cooperativa es privado y no le control las leyes comerciales de un pa\u00eds. Esto significa que entre los miembros de una cooperativa podemos compartir productos sin necesidad de tener las licencias asociadas a estos productos. Por eso, por ejemplo, existen cooperativas que ofrecen servicios financieros solo a sus miembros sin tener una licencia bancaria.<br>En Immunes Health compramos y distribuimos entre nuestros suplementos saludables seguros de venta libre que no necesitan receta m\u00e9dica y, por lo tanto, no necesitamos una licencia para adquirirlos, pero a\u00fan as\u00ed podr\u00edamos necesitar en algunos casos mantener procedimientos de paqueter\u00eda m\u00e1s estrictos para venderlos. al p\u00fablico, que es algo que exploraremos en un futuro pr\u00f3ximo, pero ser una cooperativa hace posible desarrollar nuestra experiencia desde el principio, de forma segura, atendiendo los pedidos solo a los socios.<br><br>Como quiz\u00e1 ha observado, la tarifa inicial para convertirse en miembro es muy baja. Solo 10 euros.<br>Esto se debe a que realmente queremos que cualquiera pueda tener la oportunidad de ser parte de la cooperativa, participar en <a rel=\"noreferrer noopener\" href=\"https:\/\/coopfunding.net\/es\/campaigns\/immunes-health-una-plataforma-de-colaboracion-entre-cientificos-y-ciudadanos-para-recuperar-nuestra-salud-y-libertad\/\" data-type=\"URL\" data-id=\"https:\/\/coopfunding.net\/es\/campaigns\/immunes-health-una-plataforma-de-colaboracion-entre-cientificos-y-ciudadanos-para-recuperar-nuestra-salud-y-libertad\/\" target=\"_blank\">coopfunding.net<\/a>, comenzar a pedir productos y participar de todas las formas posibles!<\/p>\n","protected":false},"excerpt":{"rendered":"<p>Una primera raz\u00f3n por la que Immunes Health ha escogido ser una cooperativa es la pol\u00edtica que ya se explica en los textos existentes. Una cooperativa permite que todos tengan los mismos derechos y participemos en las principales decisiones como iguales. Agradeceremos la opini\u00f3n de los expertos en cada \u00e1rea, pero elegiremos qu\u00e9 hacer, juntos. [&hellip;]<\/p>\n","protected":false},"author":1,"featured_media":817,"parent":0,"menu_order":0,"comment_status":"closed","ping_status":"closed","template":"","meta":{"footnotes":""},"_links":{"self":[{"href":"https:\/\/immunes.health\/index.php?rest_route=\/wp\/v2\/pages\/821"}],"collection":[{"href":"https:\/\/immunes.health\/index.php?rest_route=\/wp\/v2\/pages"}],"about":[{"href":"https:\/\/immunes.health\/index.php?rest_route=\/wp\/v2\/types\/page"}],"author":[{"embeddable":true,"href":"https:\/\/immunes.health\/index.php?rest_route=\/wp\/v2\/users\/1"}],"replies":[{"embeddable":true,"href":"https:\/\/immunes.health\/index.php?rest_route=%2Fwp%2Fv2%2Fcomments&post=821"}],"version-history":[{"count":2,"href":"https:\/\/immunes.health\/index.php?rest_route=\/wp\/v2\/pages\/821\/revisions"}],"predecessor-version":[{"id":835,"href":"https:\/\/immunes.health\/index.php?rest_route=\/wp\/v2\/pages\/821\/revisions\/835"}],"wp:featuredmedia":[{"embeddable":true,"href":"https:\/\/immunes.health\/index.php?rest_route=\/wp\/v2\/media\/817"}],"wp:attachment":[{"href":"https:\/\/immunes.health\/index.php?rest_route=%2Fwp%2Fv2%2Fmedia&parent=821"}],"curies":[{"name":"wp","href":"https:\/\/api.w.org\/{rel}","templated":true}]}}