{"id":76,"date":"2020-04-14T22:17:05","date_gmt":"2020-04-14T22:17:05","guid":{"rendered":"http:\/\/immunes.health\/?page_id=76"},"modified":"2020-10-19T17:49:20","modified_gmt":"2020-10-19T17:49:20","slug":"sobre-immunes-health","status":"publish","type":"page","link":"https:\/\/immunes.health\/?page_id=76&lang=es","title":{"rendered":"Sobre Immunes Health"},"content":{"rendered":"\n<p>Immunes Health es una plataforma empoderada por las personas y que tiene como objetivo la colaboraci\u00f3n entre cient\u00edficos, profesionales y ciudadanas en tiempos de pandemia para prepararse para un futuro m\u00e1s saludable.<br>Esta plataforma se est\u00e1 construyendo en forma de colaboraci\u00f3n, todos los participantes ser\u00e1n accionistas y tendr\u00e1n voz en el proceso de toma de decisiones. De ahora en adelante, puedes hacerte miembro.<\/p>\n\n\n\n<figure class=\"wp-block-embed-vimeo wp-block-embed is-type-video is-provider-vimeo wp-embed-aspect-9-16 wp-has-aspect-ratio\"><div class=\"wp-block-embed__wrapper\">\n<iframe loading=\"lazy\" title=\"t_video5985294882711799997\" src=\"https:\/\/player.vimeo.com\/video\/469613514?dnt=1&amp;app_id=122963\" width=\"563\" height=\"1000\" frameborder=\"0\" allow=\"autoplay; fullscreen\" allowfullscreen><\/iframe>\n<\/div><\/figure>\n\n\n\n<p class=\"has-medium-font-size\"><strong>Nuestros principales objetivos<\/strong><\/p>\n\n\n\n<ul><li>Compartir con los ciudadanos informaci\u00f3n sobre c\u00f3mo estimular el sistema inmunitario para proteger a\u00fan m\u00e1s nuestra salud. La nutrici\u00f3n saludable y la medicina preventiva pueden tener un papel mucho m\u00e1s importante para mitigar la pandemia.<\/li><li>Investigar, distribuir y probar compuestos antivirales y antiinflamatorios naturales que se pueden tomar tan pronto como aparezcan los primeros s\u00edntomas.<\/li><li>Promover bienes comunes para la salud como una forma de garantizar que los productos naturales conduzcan a medicamentos no patentados que protejan nuestra salud y superen enfermedades con un costo m\u00ednimo.<\/li><\/ul>\n\n\n\n<p>Por este motivo ya estamos creando dos herramientas concretas<\/p>\n\n\n\n<ul><li>Un primer kit de productos naturales que puede usarse como prevenci\u00f3n y cuando aparecen los primeros s\u00edntomas.<\/li><li>Una plataforma digital para alojar un espacio de colaboraci\u00f3n para todos los participantes.<\/li><\/ul>\n\n\n\n<p><em>Construyamos un futuro donde una pandemia nunca vuelva a suceder. \u00a1Construyamos Health Commons!<\/em><\/p>\n\n\n\n<p>Creemos que las plataformas de base com\u00fan no centradas en el beneficio privado son una herramienta muy importante para la investigaci\u00f3n y para redescubrir toda la sabidur\u00eda.Detr\u00e1s de nutrientes naturales como vitaminas, minerales y bioflavonoides, que se pueden encontrar entre la materia viva de la Tierra.<\/p>\n\n\n\n<figure class=\"wp-block-image is-resized\"><img loading=\"lazy\" decoding=\"async\" src=\"http:\/\/immunes.health\/wp-content\/uploads\/2020\/04\/8ad0aa3a-d694-403c-857b-b4bddb9edcf0-2.jpeg\" alt=\"\" class=\"wp-image-270\" width=\"514\" height=\"342\" srcset=\"https:\/\/immunes.health\/wp-content\/uploads\/2020\/04\/8ad0aa3a-d694-403c-857b-b4bddb9edcf0-2.jpeg 320w, https:\/\/immunes.health\/wp-content\/uploads\/2020\/04\/8ad0aa3a-d694-403c-857b-b4bddb9edcf0-2-300x200.jpeg 300w\" sizes=\"(max-width: 514px) 100vw, 514px\" \/><figcaption>Ajos, cebollas, manzanas,&#8230; regalos de la naturaleza con ricos nutrientes<\/figcaption><\/figure>\n\n\n\n<p>As\u00ed es como queremos apoyar la investigaci\u00f3n cient\u00edfica independiente. Aquellos que comparten estos objetivos de an\u00e1lisis para la salud de la humanidad.<\/p>\n\n\n\n<p>Por eso llamamos a:<\/p>\n\n\n\n<ul><li>&nbsp;Crear una plataforma donde profesionales independientes y laboratorios compartan informaci\u00f3n con ellos mismos y con todos los participantes.<\/li><li>Cada uno se convierte en probador de su investigaci\u00f3n. Propongamos investigaciones y busquemos m\u00e9dicos interesados \u200b\u200ben liderarlos.<\/li><li>Crowdfunding los gastos de las investigaciones.<\/li><\/ul>\n\n\n\n<p class=\"has-medium-font-size\"><strong>La pauta ser\u00e1<\/strong><\/p>\n\n\n\n<ul><li>Ahora estamos comenzando a presentar el proyecto e involucrar a m\u00e1s personas con diferentes conocimientos a bordo. Rellene el formulario &#8220;cont\u00e1ctenos&#8221; para ponerse en contacto y comenzar a colaborar<\/li><li>En unos d\u00edas vamos a lanzar un crowdfunding para cubrir los primeros gastos de la cooperativa y hacernos capaces de producir y distribuir compuestos de quercetina + vitamina C a un precio m\u00e1s barato, y luego sostener el proyecto principalmente en la distribuci\u00f3n de tales productos como parte del kit sugerido para Covid-19<\/li><li>En algunas semanas lanzaremos una plataforma descentralizada de redes sociales, que se llamar\u00e1 social.immunes.health. Facilitaremos la participaci\u00f3n all\u00ed seg\u00fan las necesidades de todos.A partir de ese momento, cualquier miembro podr\u00e1 contribuir en la plataforma y compartir sus ideas, propuestas y autoorganizarse &#8230;<\/li><\/ul>\n\n\n\n<p>Mientras tanto, algunos planes para pruebas y ensayos con participaci\u00f3n cient\u00edfica tambi\u00e9n est\u00e1n en proceso, si desea colaborar, \u00a1menci\u00f3nelo en el formulario de contacto!<br><\/p>\n","protected":false},"excerpt":{"rendered":"<p>Immunes Health es una plataforma empoderada por las personas y que tiene como objetivo la colaboraci\u00f3n entre cient\u00edficos, profesionales y ciudadanas en tiempos de pandemia para prepararse para un futuro m\u00e1s saludable.Esta plataforma se est\u00e1 construyendo en forma de colaboraci\u00f3n, todos los participantes ser\u00e1n accionistas y tendr\u00e1n voz en el proceso de toma de decisiones. [&hellip;]<\/p>\n","protected":false},"author":1,"featured_media":0,"parent":0,"menu_order":0,"comment_status":"closed","ping_status":"closed","template":"templates\/page-left-sidebar.php","meta":{"footnotes":""},"_links":{"self":[{"href":"https:\/\/immunes.health\/index.php?rest_route=\/wp\/v2\/pages\/76"}],"collection":[{"href":"https:\/\/immunes.health\/index.php?rest_route=\/wp\/v2\/pages"}],"about":[{"href":"https:\/\/immunes.health\/index.php?rest_route=\/wp\/v2\/types\/page"}],"author":[{"embeddable":true,"href":"https:\/\/immunes.health\/index.php?rest_route=\/wp\/v2\/users\/1"}],"replies":[{"embeddable":true,"href":"https:\/\/immunes.health\/index.php?rest_route=%2Fwp%2Fv2%2Fcomments&post=76"}],"version-history":[{"count":5,"href":"https:\/\/immunes.health\/index.php?rest_route=\/wp\/v2\/pages\/76\/revisions"}],"predecessor-version":[{"id":967,"href":"https:\/\/immunes.health\/index.php?rest_route=\/wp\/v2\/pages\/76\/revisions\/967"}],"wp:attachment":[{"href":"https:\/\/immunes.health\/index.php?rest_route=%2Fwp%2Fv2%2Fmedia&parent=76"}],"curies":[{"name":"wp","href":"https:\/\/api.w.org\/{rel}","templated":true}]}}