{"id":667,"date":"2020-10-04T20:40:23","date_gmt":"2020-10-04T20:40:23","guid":{"rendered":"http:\/\/immunes.health\/?page_id=667"},"modified":"2020-10-04T20:40:25","modified_gmt":"2020-10-04T20:40:25","slug":"social-immunes-health","status":"publish","type":"page","link":"https:\/\/immunes.health\/?page_id=667&lang=ca","title":{"rendered":"Social.Immunes.Health"},"content":{"rendered":"\n<p>Social.immunes.health\n<\/p>\n\n\n\n<p>Una\nplataforma digital per a l&#8217;autogovern de Health Commons \n<\/p>\n\n\n\n<p>immunes Health \u00e9s una plataforma habilitada pels ciutadans que t\u00e9 com a objectiu la col\u00b7laboraci\u00f3 entre cient\u00edfics, professionals i ciutadans en temps de pand\u00e8mia i per preparar-se per a un futur m\u00e9s saludable. Aquesta plataforma s&#8217;est\u00e0 construint a forma de col\u00b7laboraci\u00f3, tots els participants seran accionistes i tindran veu en el proc\u00e9s de decisi\u00f3. la plataforma digital albergar\u00e0 un espai de col\u00b7laboraci\u00f3 per a tots els participants, professionals m\u00e8dics o ciutadans, on podran compartir i discutir informaci\u00f3 sobre com protegir la nostra salut. Aquest espai de col\u00b7laboraci\u00f3 es convertir\u00e0 en un laboratori, per proposar i desenvolupar assajos cl\u00ednics pel b\u00e9 com\u00fa. A nivell de programari, la plataforma est\u00e0 basada en Chromia blockchain i en la DAPP Chromunity per a xarxes socials. (Vegi a continuaci\u00f3 una versi\u00f3 de prova en https:\/\/dev.chromunity.com)<br> <\/p>\n\n\n\n<figure class=\"wp-block-image size-large\"><img loading=\"lazy\" decoding=\"async\" width=\"1024\" height=\"521\" src=\"http:\/\/immunes.health\/wp-content\/uploads\/2020\/05\/Screenshot-from-2020-05-22-14-11-37-1024x521.png\" alt=\"\" class=\"wp-image-486\" srcset=\"https:\/\/immunes.health\/wp-content\/uploads\/2020\/05\/Screenshot-from-2020-05-22-14-11-37-1024x521.png 1024w, https:\/\/immunes.health\/wp-content\/uploads\/2020\/05\/Screenshot-from-2020-05-22-14-11-37-600x306.png 600w, https:\/\/immunes.health\/wp-content\/uploads\/2020\/05\/Screenshot-from-2020-05-22-14-11-37-300x153.png 300w, https:\/\/immunes.health\/wp-content\/uploads\/2020\/05\/Screenshot-from-2020-05-22-14-11-37-768x391.png 768w, https:\/\/immunes.health\/wp-content\/uploads\/2020\/05\/Screenshot-from-2020-05-22-14-11-37.png 1349w\" sizes=\"(max-width: 1024px) 100vw, 1024px\" \/><\/figure>\n\n\n\n<p><br> \u00c9s descentralitzat, de codi obert i amb un gran potencial per cobrir tots els requeriments t\u00e8cnics de la plataforma Social.Immunes.Health. Aquesta plataforma t\u00e9 l&#8217;estil reddit.com. Aix\u00f2 vol dir que cada tema tindria una subp\u00e1gina i les diferents propostes o not\u00edcies relacionades amb aquest tema s&#8217;actualitzaran all\u00e0. Podran ser comentats i votats, i des d&#8217;all\u00e0 inspirar noves accions i decisions entre els participants de la cooperativa. Si tens idees o propostes per compartir, espera que la plataforma estigui llesta i despr\u00e9s obtindr\u00e0s espai per publicar-les i rebre comentaris d&#8217;altres membres.<br> <br> Com a resum Social.immunes.health cobrir\u00e0 les seg\u00fcents necessitats de el projecte:<br> <br> &#8211; Espai de discussi\u00f3 entre professionals, investigadors i ciutadans.<br> <br> &#8211; Espai de proc\u00e9s de decisi\u00f3 per immunes Health com a cooperativa.<br> <br> &#8211; Espai de crowdfunding d&#8217;investigacions i assaigs cl\u00ednics<br> <br> &#8211; Espai per publicar assajos cl\u00ednics i aconseguir participaci\u00f3 entre els membres. Consulteu m\u00e9s detalls sobre aix\u00f2 en el seg\u00fcent enlla\u00e7 -> https:\/\/immunes.health\/?page_id=660&amp;lang=ca<\/p>\n","protected":false},"excerpt":{"rendered":"<p>Social.immunes.health Una plataforma digital per a l&#8217;autogovern de Health Commons immunes Health \u00e9s una plataforma habilitada pels ciutadans que t\u00e9 com a objectiu la col\u00b7laboraci\u00f3 entre cient\u00edfics, professionals i ciutadans en temps de pand\u00e8mia i per preparar-se per a un futur m\u00e9s saludable. Aquesta plataforma s&#8217;est\u00e0 construint a forma de col\u00b7laboraci\u00f3, tots els participants seran [&hellip;]<\/p>\n","protected":false},"author":1,"featured_media":0,"parent":0,"menu_order":0,"comment_status":"closed","ping_status":"closed","template":"","meta":{"footnotes":""},"_links":{"self":[{"href":"https:\/\/immunes.health\/index.php?rest_route=\/wp\/v2\/pages\/667"}],"collection":[{"href":"https:\/\/immunes.health\/index.php?rest_route=\/wp\/v2\/pages"}],"about":[{"href":"https:\/\/immunes.health\/index.php?rest_route=\/wp\/v2\/types\/page"}],"author":[{"embeddable":true,"href":"https:\/\/immunes.health\/index.php?rest_route=\/wp\/v2\/users\/1"}],"replies":[{"embeddable":true,"href":"https:\/\/immunes.health\/index.php?rest_route=%2Fwp%2Fv2%2Fcomments&post=667"}],"version-history":[{"count":1,"href":"https:\/\/immunes.health\/index.php?rest_route=\/wp\/v2\/pages\/667\/revisions"}],"predecessor-version":[{"id":673,"href":"https:\/\/immunes.health\/index.php?rest_route=\/wp\/v2\/pages\/667\/revisions\/673"}],"wp:attachment":[{"href":"https:\/\/immunes.health\/index.php?rest_route=%2Fwp%2Fv2%2Fmedia&parent=667"}],"curies":[{"name":"wp","href":"https:\/\/api.w.org\/{rel}","templated":true}]}}