{"id":660,"date":"2020-10-04T20:36:19","date_gmt":"2020-10-04T20:36:19","guid":{"rendered":"http:\/\/immunes.health\/?page_id=660"},"modified":"2020-10-04T20:36:21","modified_gmt":"2020-10-04T20:36:21","slug":"plataforma-dassatjos-clinics","status":"publish","type":"page","link":"https:\/\/immunes.health\/?page_id=660&lang=ca","title":{"rendered":"Plataforma d&#8217;assatjos cl\u00ednics"},"content":{"rendered":"\n<p>Immunes\nHealth est\u00e0 treballant per construir la primera plataforma d&#8217;assajos\ncl\u00ednics empoderada pels ciutadans.<br>\n<br>\nActualment, el proc\u00e9s\nper construir un assaig cl\u00ednic dep\u00e8n en gran mesura del finan\u00e7ament\nprocedent dels governs i de les grans ind\u00fastries farmac\u00e8utiques.\nUna de les raons d&#8217;aix\u00f2 s\u00f3n els elevats costos que solen tenir els\njudicis seriosos, que podrien ser alguns o molts milions d&#8217;euros per\nun judici. Tamb\u00e9 la seva implementaci\u00f3 dep\u00e8n generalment dels\nhospitals involucrats que preguntaran als pacients que estiguin\nrelacionats amb la malaltia que s&#8217;investiga, si volen ingressar. No\nhi ha transpar\u00e8ncia del proc\u00e9s econ\u00f2mic dels assaigs cl\u00ednics i no\nhi ha una participaci\u00f3 organitzada de ciutadans i pacients en els\nassajos. Actualment, si els ciutadans volen participar no \u00e9s\npossible, no tenen veu, el que \u00e9s un handicap de el m\u00f3n dels\nassajos cl\u00ednics en l&#8217;actualitat. Com a conclusi\u00f3, els assaigs\ncl\u00ednics actuals s\u00f3n parcials, costosos i opacs. I el que \u00e9s m\u00e9s\ntrist encara; la mala qualitat i l&#8217;elevat cost dels medicaments que\nest\u00e0 adquirint la societat estan condicionats per la debilitat dels\nprocessos d&#8217;assajos cl\u00ednics.<br>\n<br>\n<br>\nAvui els f\u00e0rmacs i\nmedicines aprovats per a ser utilitzats en hospitals per a la\nprincipal malaltia del nostre temps, no s\u00f3n les millors opcions,\nconsiderant resultats i seguretat, que la humanitat podria explicar.\nI especialment els compostos naturals que podem trobar en els\naliments, estan poc representats en aquests assajos perqu\u00e8 el\nfinan\u00e7ament privat no trauria grans beneficis d&#8217;ells, perqu\u00e8 no s\u00f3n\npatentables, per la seva gran disponibilitat i f\u00e0cil acc\u00e9s. Aix\u00f2\nha estat una prova cr\u00edtica amb la crisi de Covid-19.<br>\n<br>\n<br>\nLa\nplataforma d&#8217;assajos cl\u00ednics que pretenem construir permetr\u00e0\nrevolucionar la forma en qu\u00e8 es construeixen els assajos cl\u00ednics.\nAmb aquest proc\u00e9s ens agradaria fer de el pacient no nom\u00e9s un\nobjecte passiu d&#8217;un assaig, sin\u00f3 un subjecte actiu involucrat en\ncada pas de la mateixa. El paper en els assaigs cl\u00ednics no ser\u00e0\nl&#8217;\u00fanic de la nostra plataforma. Aquesta plataforma digital que estem\ndesenvolupant, possibilitar\u00e0 la comunicaci\u00f3 entre la ciutadania\n-pacients afectats o no d&#8217;malaltia- i investigadors independents,\nprofessionals m\u00e8dics, laboratoris per tal de compartir i discutir\ninformaci\u00f3 cient\u00edfica, i eventualment construir propostes sobre\nassajos cl\u00ednics. . Tamb\u00e9 volem sustentar i ajudar a desenvolupar\nles investigacions que obtinguin m\u00e9s consens en la comunitat de\nmembres. Aix\u00ed \u00e9s com volem donar suport a la investigaci\u00f3\ncient\u00edfica independent. Especialment, aquells que comparteixen\naquests objectius de construir b\u00e9ns comuns per a la salut de la\nhumanitat.<br>\n<br>\n<br>\nLa plataforma facilitar\u00e0:<br>\n&#8211;\ninvestigadors independents per a comprendre millor les necessitats de\nsalut de poblacions espec\u00edfiques i trobar ciutadans que puguin unir<\/p>\n\n\n\n<p>es als\nseus projectes d&#8217;investigaci\u00f3 i assajos cl\u00ednics<br>\n&#8211; ciutadans\nproposen investigacions i busquen cient\u00edfics interessats en\nliderar-los. Convertir-se en testers de les investigacions que\ns&#8217;ajustin als seus perfils i socis de les investigacions a les que\nvulguin donar suport.<br>\n<br>\n<br>\nFinalment, per a cada assaig\ncl\u00ednic i projecte de recerca, desenvolupat amb precisi\u00f3 per\ninvestigadors i professionals i el suport de les persones, fem\nl&#8217;esfor\u00e7 de finan\u00e7ar col\u00b7lectivament les despeses de les\ninvestigacions, per a deixar totes les investigacions importants es\nrealitzin sense dependre de els diners de &#8216;bigpharma&#8217;, sin\u00f3 per a la\nconstrucci\u00f3 de Health Commons.<br>\n<br>\n<br>\nAquesta plataforma\nt\u00e9 un impacte potencial en benefici de tota la humanitat, ja que\npret\u00e9n possibilitar investigacions completes, des del\ndesenvolupament d&#8217;hipotesis cient\u00edfica fins assaigs cl\u00ednics\ncomplets, amb compostos naturals \u00e0mpliament accessibles a tothom,\nmolt barats i f\u00e0cils de produir. Tots els resultats estarien en una\nllic\u00e8ncia d&#8217;open commons, per assegurar-se que estigui oberta a tots\nsense excepci\u00f3.<br>\n<br>\n<br>\n<br>\n<br>\nLa portada d&#8217;un llibre\nsobre els productes naturals utilitzats en els assajos cl\u00ednics,\navui<br>\n<br>\n<br>\nEl nostre pla actual \u00e9s<br>\n<br>\n&#8211; Ara estem\npresentant el projecte i involucrant a m\u00e9s persones amb diferents\nconeixements a bord.<br>\n<br>\n&#8211; des d&#8217;inicis d&#8217;octubre hem llan\u00e7at\nun crowdfunding per fer-nos capa\u00e7os de produir i distribuir\ncompostos naturals a un preu m\u00e9s econ\u00f2mic, i despr\u00e9s sostenir la\nplataforma basant-se principalment en la distribuci\u00f3 d&#8217;aquests\nproductes com a part de el kit suggerit per COVID-19.<br>\n<br>\n&#8211; En\nuns mesos llan\u00e7arem una primera versi\u00f3 de plataforma\ndescentralitzada de xarxes socials, que es dir\u00e0,\nhttps:\/\/social.immunes.health (ja accessible quan estigui en\ndesenvolupament) Des del principi, qualsevol membre podr\u00e0 contribuir\na la plataforma i compartir les seves idees, propostes i\nautoorganitzar &#8230; contribuint a el proc\u00e9s de decisi\u00f3.<br>\n<br>\n&#8211;\nA partir d&#8217;aqu\u00ed continuarem desenvolupant la plataforma fins que\nestigui a punt per a donar suport a tot el proc\u00e9s per planificar i\ndonar suport als assaigs cl\u00ednics amb empoderament ciutad\u00e0.<br>\n<br>\n&#8211;\nEn una visi\u00f3 de llarg termini, la plataforma podria convertir-se en\nuna eina de gesti\u00f3 completa per a la realitzaci\u00f3 d&#8217;assajos cl\u00ednics\namb transpar\u00e8ncia i participaci\u00f3 de societat<\/p>\n\n\n\n<figure class=\"wp-block-image size-large\"><img loading=\"lazy\" decoding=\"async\" width=\"300\" height=\"388\" src=\"http:\/\/immunes.health\/wp-content\/uploads\/2020\/05\/9781681082134.jpg\" alt=\"\" class=\"wp-image-477\" srcset=\"https:\/\/immunes.health\/wp-content\/uploads\/2020\/05\/9781681082134.jpg 300w, https:\/\/immunes.health\/wp-content\/uploads\/2020\/05\/9781681082134-232x300.jpg 232w\" sizes=\"(max-width: 300px) 100vw, 300px\" \/><\/figure>\n","protected":false},"excerpt":{"rendered":"<p>Immunes Health est\u00e0 treballant per construir la primera plataforma d&#8217;assajos cl\u00ednics empoderada pels ciutadans. Actualment, el proc\u00e9s per construir un assaig cl\u00ednic dep\u00e8n en gran mesura del finan\u00e7ament procedent dels governs i de les grans ind\u00fastries farmac\u00e8utiques. Una de les raons d&#8217;aix\u00f2 s\u00f3n els elevats costos que solen tenir els judicis seriosos, que podrien ser [&hellip;]<\/p>\n","protected":false},"author":1,"featured_media":0,"parent":0,"menu_order":0,"comment_status":"closed","ping_status":"closed","template":"","meta":{"footnotes":""},"_links":{"self":[{"href":"https:\/\/immunes.health\/index.php?rest_route=\/wp\/v2\/pages\/660"}],"collection":[{"href":"https:\/\/immunes.health\/index.php?rest_route=\/wp\/v2\/pages"}],"about":[{"href":"https:\/\/immunes.health\/index.php?rest_route=\/wp\/v2\/types\/page"}],"author":[{"embeddable":true,"href":"https:\/\/immunes.health\/index.php?rest_route=\/wp\/v2\/users\/1"}],"replies":[{"embeddable":true,"href":"https:\/\/immunes.health\/index.php?rest_route=%2Fwp%2Fv2%2Fcomments&post=660"}],"version-history":[{"count":1,"href":"https:\/\/immunes.health\/index.php?rest_route=\/wp\/v2\/pages\/660\/revisions"}],"predecessor-version":[{"id":666,"href":"https:\/\/immunes.health\/index.php?rest_route=\/wp\/v2\/pages\/660\/revisions\/666"}],"wp:attachment":[{"href":"https:\/\/immunes.health\/index.php?rest_route=%2Fwp%2Fv2%2Fmedia&parent=660"}],"curies":[{"name":"wp","href":"https:\/\/api.w.org\/{rel}","templated":true}]}}