{"id":639,"date":"2020-10-04T19:59:49","date_gmt":"2020-10-04T19:59:49","guid":{"rendered":"http:\/\/immunes.health\/?page_id=639"},"modified":"2020-10-04T19:59:51","modified_gmt":"2020-10-04T19:59:51","slug":"social-immunes-health","status":"publish","type":"page","link":"https:\/\/immunes.health\/?page_id=639&lang=es","title":{"rendered":"Social.Immunes.health"},"content":{"rendered":"\n<p>Social.immunes.health Una plataforma digital para el autogobierno de  Health Commons Immunes Health es una plataforma habilitada por los  ciudadanos que tiene como objetivo la colaboraci\u00f3n entre cient\u00edficos,  profesionales y ciudadanos en tiempos de pandemia y para prepararse para  un futuro m\u00e1s saludable. Esta plataforma se est\u00e1 construyendo en forma  de colaboraci\u00f3n, todos los participantes ser\u00e1n accionistas y tendr\u00e1n voz  en el proceso de decisi\u00f3n. la plataforma digital albergar\u00e1 un espacio  de colaboraci\u00f3n para todos los participantes, profesionales m\u00e9dicos o  ciudadanos, donde podr\u00e1n compartir y discutir informaci\u00f3n sobre c\u00f3mo  proteger nuestra salud. Este espacio de colaboraci\u00f3n se convertir\u00e1 en un  laboratorio, para proponer y desarrollar ensayos cl\u00ednicos como Commons.  A nivel de software, la plataforma est\u00e1 basada en Chromia blockchain y  en la dapp Chromunity para redes sociales. (vea a continuaci\u00f3n una  versi\u00f3n de prueba en https:\/\/dev.chromunity.com)<br> <br>  Es descentralizado, de c\u00f3digo abierto y con un gran potencial para  cubrir todos los requerimientos t\u00e9cnicos de la plataforma  Social.Immunes.Health. Esta plataforma tiene el estilo reddit.com. Esto  significa que cada tema tendr\u00eda una subp\u00e1gina y las diferentes  propuestas o noticias relacionadas con este tema se actualizar\u00e1n all\u00ed.  Podr\u00e1n ser comentados y votados, y desde all\u00ed inspirar nuevas acciones y  decisiones entre los participantes de la cooperativa. Si tienes ideas o  propuestas para compartir, espera a que la plataforma est\u00e9 lista y  luego obtendr\u00e1s espacio para publicarlas y recibir comentarios de otros  miembros.<br> <br> Como resumen Social.immunes.health cubrir\u00e1 las siguientes necesidades del proyecto:<br> <br> &#8211; Espacio de discusi\u00f3n entre profesionales, investigadores y ciudadanos.<br> <br> &#8211; Espacio de proceso de decisi\u00f3n para Immunes Health como cooperativa.<br> <br> &#8211; Espacio de crowdfunding de investigaciones y ensayos cl\u00ednicos<br> <br>  &#8211; Espacio para publicar ensayos cl\u00ednicos y conseguir participaci\u00f3n  entre los miembros. Consulte m\u00e1s detalles sobre esto en el siguiente  enlace -> <a href=\"https:\/\/immunes.health\/?page_id=627&amp;lang=es\">https:\/\/immunes.health\/?page_id=627&amp;lang=es<\/a><\/p>\n","protected":false},"excerpt":{"rendered":"<p>Social.immunes.health Una plataforma digital para el autogobierno de Health Commons Immunes Health es una plataforma habilitada por los ciudadanos que tiene como objetivo la colaboraci\u00f3n entre cient\u00edficos, profesionales y ciudadanos en tiempos de pandemia y para prepararse para un futuro m\u00e1s saludable. Esta plataforma se est\u00e1 construyendo en forma de colaboraci\u00f3n, todos los participantes ser\u00e1n [&hellip;]<\/p>\n","protected":false},"author":1,"featured_media":0,"parent":0,"menu_order":0,"comment_status":"closed","ping_status":"closed","template":"","meta":{"footnotes":""},"_links":{"self":[{"href":"https:\/\/immunes.health\/index.php?rest_route=\/wp\/v2\/pages\/639"}],"collection":[{"href":"https:\/\/immunes.health\/index.php?rest_route=\/wp\/v2\/pages"}],"about":[{"href":"https:\/\/immunes.health\/index.php?rest_route=\/wp\/v2\/types\/page"}],"author":[{"embeddable":true,"href":"https:\/\/immunes.health\/index.php?rest_route=\/wp\/v2\/users\/1"}],"replies":[{"embeddable":true,"href":"https:\/\/immunes.health\/index.php?rest_route=%2Fwp%2Fv2%2Fcomments&post=639"}],"version-history":[{"count":1,"href":"https:\/\/immunes.health\/index.php?rest_route=\/wp\/v2\/pages\/639\/revisions"}],"predecessor-version":[{"id":645,"href":"https:\/\/immunes.health\/index.php?rest_route=\/wp\/v2\/pages\/639\/revisions\/645"}],"wp:attachment":[{"href":"https:\/\/immunes.health\/index.php?rest_route=%2Fwp%2Fv2%2Fmedia&parent=639"}],"curies":[{"name":"wp","href":"https:\/\/api.w.org\/{rel}","templated":true}]}}