{"id":216,"date":"2020-04-16T16:49:19","date_gmt":"2020-04-16T16:49:19","guid":{"rendered":"http:\/\/immunes.health\/?page_id=216"},"modified":"2020-09-26T15:42:56","modified_gmt":"2020-09-26T15:42:56","slug":"la-nostra-proposta-de-kit","status":"publish","type":"page","link":"https:\/\/immunes.health\/?page_id=216&lang=ca","title":{"rendered":"La nostra proposta de kit"},"content":{"rendered":"\n<p>Els nutrients que el sistema immunitari requereix (ja sigui en estudis en animals o humans) perqu\u00e8 funcionin eficientment inclouen amino\u00e0cids essencials, l&#8217;\u00e0cid gras essencial \u00e0cid linoleic, vitamina A, \u00e0cid f\u00f2lic, vitamina B6, vitamina B12, vitamina C, vitamina D, vitamina E, Zn, Cu, Fe i Es. Pr\u00e0cticament totes les formes d&#8217;immunitat poden veure&#8217;s afectades per defici\u00e8ncies en un o m\u00e9s d&#8217;aquests nutrients.&nbsp;<a href=\"https:\/\/www.ncbi.nlm.nih.gov\/pubmed\/12495459\">https:\/\/www.ncbi.nlm.nih.gov\/pubmed\/12495459<\/a><\/p>\n\n\n\n<p>La FAO ha demostrat els perills de la defici\u00e8ncia de nutrients essencials per al nostre sistema immunol\u00f2gic. <a href=\"http:\/\/www.fao.org\/3\/ca2243en\/ca2243en.pdf\">http:\/\/www.fao.org\/3\/ca2243en\/ca2243en.pdf<\/a><\/p>\n\n\n\n<p>Hem d&#8217;assegurar-nos que tots aquests nutrients romanguin presents en el cos quan estant sans i especialment durant una malaltia. <a href=\"https:\/\/www.tandfonline.com\/doi\/full\/10.1080\/09540105.2015.1079600\">https:\/\/www.tandfonline.com\/doi\/full\/10.1080\/09540105.2015.1079600<\/a><\/p>\n\n\n\n<p>En realitat, alguns d&#8217;aquests nutrients s&#8217;esgoten quan es lluita contra una infecci\u00f3 viral, per tant, es necessitar\u00e0 una quantitat major de l&#8217;habitual. La falta de nutrici\u00f3 en les diferents etapes d&#8217;una malaltia pot tenir conseq\u00fc\u00e8ncies fatals, haurem de garantir la seguretat tant en la llar com a l&#8217;hospital.<\/p>\n\n\n\n<p><br>\u00c9s per aix\u00f2 que, sobre la base de la nostra pr\u00f2pia recerca i refer\u00e8ncies d&#8217;alguns professionals m\u00e8dics, hem triat proposar als ciutadans l&#8217;\u00fas del seg\u00fcent kit *<\/p>\n\n\n\n<p>Com un producte profil\u00b7l\u00e0ctic&nbsp; per a ser pres com una forma de prevenci\u00f3 contra s\u00edmptomes substancials<\/p>\n\n\n\n<ul><li>Quercetina **. Agent antiviral general. Inhibici\u00f3 provada de la prote\u00efna ACE2 per recerca en supercomputaci\u00f3. Ionizador de zinc. Antiinflamatori 500 mg per dia<\/li><li>Zinc Evita la proliferaci\u00f3 de virus en les c\u00e8l\u00b7lules. 40 mg per dia<\/li><li>La vitamina C. modula i estimula el sistema immunol\u00f2gic, augmenta l&#8217;absorci\u00f3 de quercetina. 2000 mg per dia<\/li><li>Vitamina D3. Augmenta el sistema immunitari. Deficient quan hi ha falta de llum solar, t\u00edpic en confinaments 2000-3000 ui per dia<\/li><li>Aliments i, si cal, suplements que incloguin altres elements de el sistema immunitari, com \u00e0cid f\u00f2lic, vitamina A, vitamina B1, vitamina B6, vitamina B12, vitamina E, coure i seleni. Un compost multivitam\u00ednic i multimineral podria ajudar a tenir-los a tots.<\/li><\/ul>\n\n\n\n<p>La quercetina i la vitamina C han de prendre&#8217;s juntes, ja que la vitamina C ajuda a l&#8217;absorci\u00f3 de quercetina (tamb\u00e9 l&#8217;oli d&#8217;oliva ajuda a l&#8217;absorci\u00f3 de quercetina).<\/p>\n\n\n\n<figure class=\"wp-block-image size-large is-resized\"><img loading=\"lazy\" decoding=\"async\" src=\"http:\/\/immunes.health\/wp-content\/uploads\/2020\/04\/19e5d911-933b-4a58-8c04-39b24da77dd7-3.jpeg\" alt=\"\" class=\"wp-image-218\" width=\"522\" height=\"347\" srcset=\"https:\/\/immunes.health\/wp-content\/uploads\/2020\/04\/19e5d911-933b-4a58-8c04-39b24da77dd7-3.jpeg 320w, https:\/\/immunes.health\/wp-content\/uploads\/2020\/04\/19e5d911-933b-4a58-8c04-39b24da77dd7-3-300x200.jpeg 300w\" sizes=\"(max-width: 522px) 100vw, 522px\" \/><figcaption>La Vitamina C ha d&#8217;estar aprop de la Quercetina per facilitar la seva absorci\u00f3<\/figcaption><\/figure>\n\n\n\n<p>Quant als s\u00edmptomes inicials Quan experimentem tos o mucositat, o si experimentem febre o alguns sistemes coneguts per primera vegada, significa que el nostre sistema immunitari estar\u00e0 m\u00e9s ocupat per a reaccionar.i necessitem m\u00e9s nutrients clau perqu\u00e8 funcionin a la intensitat que el nostre cos necessita. A mesura que els s\u00edmptomes siguin m\u00e9s freq\u00fcents i forts, necessitar\u00edem m\u00e9s quantitat dels seg\u00fcents compostos.<br><\/p>\n\n\n\n<ul><li>\u00a0*Quercetina. Agent antiviral general. Inhibici\u00f3 provada de la prote\u00efna ACE2 per recerca en supercomputaci\u00f3. Ionitzador de zinc. Antiinflamatori fins a 2000 mg per dia<\/li><li>Zinc Evita la proliferaci\u00f3 de virus en les c\u00e8l\u00b7lules. fins a 100 mg per dia<\/li><li>La vitamina C. modula i estimula el sistema immunol\u00f2gic, augmenta l&#8217;absorci\u00f3 de quercetina. fins a 10000 mg per dia<\/li><li>Vitamina D3. Augmenta el sistema immunitari. Deficient quan hi ha falta de llum solar, t\u00edpic en confinaments. Fins a 15000 ui per dia.<\/li><li>Suplements que inclouen altres elements del sistema immunitari, com a \u00e0cid f\u00f2lic, vitamina A, vitamina B1, vitamina B6, vitamina B12, vitamina E, coure i seleni. Un *multivitam\u00ednico &#8211; compost *multimineral podria ajudar a tenir-los a tots.<\/li><\/ul>\n\n\n\n<p>Distribueixi la ingesta d&#8217;ells durant tot el dia amb una freq\u00fc\u00e8ncia basada en els s\u00edmptomes. Per exemple, la *quercetina i la vitamina C es poden prendre cada 4 hores quan es presenten amb nom\u00e9s uns pocs s\u00edmptomes i cada 2 hores quan els s\u00edmptomes s\u00f3n m\u00e9s i m\u00e9s forts.<\/p>\n\n\n\n<p><br>Per descomptat, una dieta nutritiva equilibrada ha d&#8217;estar present en qualsevol moment sensible de les nostres vides!<\/p>\n\n\n\n<p>* Per a afeccions preexistents o embar\u00e0s, sol\u00b7liciti la seva refer\u00e8ncia m\u00e8dica abans de prendre el kit.<\/p>\n\n\n\n<p>** Obtingui m\u00e9s informaci\u00f3 sobre la *quercetina a trav\u00e9s d&#8217;aquest enlla\u00e7: <a rel=\"noreferrer noopener\" aria-label=\"http:\/\/immunes.health\/?page_id=224&amp;lang=ca (opens in a new tab)\" href=\"http:\/\/immunes.health\/?page_id=224&amp;lang=ca\" target=\"_blank\">http:\/\/immunes.health\/?page_id=224&amp;lang=ca<\/a><\/p>\n\n\n\n<p>*** Revisi les refer\u00e8ncies cient\u00edfiques de quercetina i altres compostos naturals aqu\u00ed: <a rel=\"noreferrer noopener\" href=\"http:\/\/immunes.health\/?page_id=231&amp;lang=ca\" target=\"_blank\">http:\/\/immunes.health\/?page_id=231&amp;lang=ca<\/a><\/p>\n","protected":false},"excerpt":{"rendered":"<p>Els nutrients que el sistema immunitari requereix (ja sigui en estudis en animals o humans) perqu\u00e8 funcionin eficientment inclouen amino\u00e0cids essencials, l&#8217;\u00e0cid gras essencial \u00e0cid linoleic, vitamina A, \u00e0cid f\u00f2lic, vitamina B6, vitamina B12, vitamina C, vitamina D, vitamina E, Zn, Cu, Fe i Es. Pr\u00e0cticament totes les formes d&#8217;immunitat poden veure&#8217;s afectades per defici\u00e8ncies [&hellip;]<\/p>\n","protected":false},"author":2,"featured_media":0,"parent":0,"menu_order":0,"comment_status":"closed","ping_status":"closed","template":"templates\/page-left-sidebar.php","meta":{"footnotes":""},"_links":{"self":[{"href":"https:\/\/immunes.health\/index.php?rest_route=\/wp\/v2\/pages\/216"}],"collection":[{"href":"https:\/\/immunes.health\/index.php?rest_route=\/wp\/v2\/pages"}],"about":[{"href":"https:\/\/immunes.health\/index.php?rest_route=\/wp\/v2\/types\/page"}],"author":[{"embeddable":true,"href":"https:\/\/immunes.health\/index.php?rest_route=\/wp\/v2\/users\/2"}],"replies":[{"embeddable":true,"href":"https:\/\/immunes.health\/index.php?rest_route=%2Fwp%2Fv2%2Fcomments&post=216"}],"version-history":[{"count":7,"href":"https:\/\/immunes.health\/index.php?rest_route=\/wp\/v2\/pages\/216\/revisions"}],"predecessor-version":[{"id":538,"href":"https:\/\/immunes.health\/index.php?rest_route=\/wp\/v2\/pages\/216\/revisions\/538"}],"wp:attachment":[{"href":"https:\/\/immunes.health\/index.php?rest_route=%2Fwp%2Fv2%2Fmedia&parent=216"}],"curies":[{"name":"wp","href":"https:\/\/api.w.org\/{rel}","templated":true}]}}