{"id":181,"date":"2020-04-16T11:55:26","date_gmt":"2020-04-16T11:55:26","guid":{"rendered":"http:\/\/immunes.health\/?page_id=181"},"modified":"2020-04-17T05:14:55","modified_gmt":"2020-04-17T05:14:55","slug":"medicinske-i-naucne-preprouke","status":"publish","type":"page","link":"https:\/\/immunes.health\/?page_id=181&lang=sr","title":{"rendered":"Medicinske i nau\u010dne preprouke"},"content":{"rendered":"\n<p>Ve\u0107 za SARS 2003 kvercetin je testiran u laboratoriji sa dobrim rezultatima: <a href=\"ttps:\/\/jvi.asm.org\/content\/78\/20\/11334#T1\">ttps:\/\/jvi.asm.org\/content\/78\/20\/11334#T1<\/a>  <a href=\"https:\/\/www.ncbi.nlm.nih.gov\/pubmed\/17046271\">https:\/\/www.ncbi.nlm.nih.gov\/pubmed\/17046271<\/a><\/p>\n\n\n\n<p>Ako neko sumnja da kvercetin mo\u017eda deluje samo na taj specifi\u010dni koronavirus, moglo bi biti korisno videti da je pokazalo se da deluje i za viruse raznovrsne poput gripa, ebole i hepatitisa B: <a href=\"https:\/\/vvv.ncbi.nlm.nih.gov\/pmc\/articles\/PMC4728566\/\">https:\/\/vvv.ncbi.nlm.nih.gov\/pmc\/articles\/PMC4728566\/<\/a> <a href=\"https:\/\/aac.asm.org\/content\/60\/9\/5182\">https:\/\/aac.asm.org\/content\/60\/9\/5182<\/a> <a href=\"https:\/\/vvv.ncbi.nlm.nih.gov\/pubmed\/26268473\">https:\/\/vvv.ncbi.nlm.nih.gov\/pubmed\/26268473<\/a><\/p>\n\n\n\n<p>Superkompjuterska istraga analizirala je 8000 hemijskih jedinjenja u potrazi za antivirusom Covid-19 i zaklju\u010dila da je kvercetin me\u0111u 5 najprikladnijih:&nbsp;<a href=\"https:\/\/chemrkiv.org\/articles\/Repurpose_Therapeutics_for_the_Vuhan_Coronavirus_nCov-2019_Supercomputer-Based_Docking_to_the_Viral_S_Protein_and_Human_ACE2_Interface\/11871402\/4\">https:\/\/chemrkiv.org\/articles\/Repurpose_Therapeutics_for_the_Vuhan_Coronavirus_nCov-2019_Supercomputer-Based_Docking_to_the_Viral_S_Protein_and_Human_ACE2_Interface\/11871402\/4<\/a><\/p>\n\n\n\n<figure class=\"wp-block-image size-large\"><img loading=\"lazy\" decoding=\"async\" width=\"1024\" height=\"474\" src=\"http:\/\/immunes.health\/wp-content\/uploads\/2020\/04\/Screenshot-from-2020-04-16-23-07-03-1024x474.png\" alt=\"\" class=\"wp-image-283\" srcset=\"https:\/\/immunes.health\/wp-content\/uploads\/2020\/04\/Screenshot-from-2020-04-16-23-07-03-1024x474.png 1024w, https:\/\/immunes.health\/wp-content\/uploads\/2020\/04\/Screenshot-from-2020-04-16-23-07-03-600x278.png 600w, https:\/\/immunes.health\/wp-content\/uploads\/2020\/04\/Screenshot-from-2020-04-16-23-07-03-300x139.png 300w, https:\/\/immunes.health\/wp-content\/uploads\/2020\/04\/Screenshot-from-2020-04-16-23-07-03-768x356.png 768w, https:\/\/immunes.health\/wp-content\/uploads\/2020\/04\/Screenshot-from-2020-04-16-23-07-03.png 1159w\" sizes=\"(max-width: 1024px) 100vw, 1024px\" \/><\/figure>\n\n\n\n<p>Iste zaklju\u010dke, pre nekoliko nedelja, doneo je jedan od najpoznatijih kanadskih medicinskih istra\u017eiva\u010da i njegov tim. To je obja\u0161njeno na kanadskoj televiziji <a href=\"https:\/\/vvv.cbc.ca\/plaier\/plai\/1703883331818\">https:\/\/vvv.cbc.ca\/plaier\/plai\/1703883331818<\/a> &nbsp;i radio intervju:&nbsp; <a href=\"https:\/\/vvv.cbc.ca\/plaier\/plai\/1703914563515\">https:\/\/vvv.cbc.ca\/plaier\/plai\/1703914563515<\/a> <\/p>\n\n\n\n<p> \u010citajte ovde: <a href=\"https:\/\/vvv.macleans.ca\/nevs\/canada\/a-made-in-canada-solution-to-the-coronavirus-outbreak\/)\">https:\/\/vvv.macleans.ca\/nevs\/canada\/a-made-in-canada-solution-to-the-coronavirus-outbreak\/)<\/a><\/p>\n\n\n\n<p>Ovako Kina i druge zemlje trenutno testiraju kvercetin u klini\u010dkim ispitivanjima u saradnji sa Institutom za mir, klinikom iz Montreal <a href=\"https:\/\/ircm.kc.ca\/\">https:\/\/ircm.kc.ca\/<\/a> Mogli bi imati rezultate po\u010detkom maja, ali to nije dovoljno brzo za hiljade ljudi koji svakodnevno umiru.Ionizacija cinka radi zaustavljanja antivirusne aktivnosti dokumentovana je, na primer, ovde <a href=\"https:\/\/pubs.acs.org\/doi\/10.1021\/jf5014633\">https:\/\/pubs.acs.org\/doi\/10.1021\/jf5014633<\/a> i ovde: &nbsp;<a href=\"http:\/\/vvv.tdk.cat\/bitstream\/10803\/292248\/1\/Tesis%20.pdf\">http:\/\/vvv.tdk.cat\/bitstream\/10803\/292248\/1\/Tesis%20.pd<\/a><\/p>\n\n\n\n<p>Ionizacija cinka radi zaustavljanja antivirusne aktivnosti dokumentovana je, na primer, ovde:&nbsp;<a href=\"https:\/\/pubs.acs.org\/doi\/10.1021\/jf5014633\">https:\/\/pubs.acs.org\/doi\/10.1021\/jf5014633<\/a> i ovde: <a href=\"http:\/\/vvv.tdk.cat\/bitstream\/10803\/292248\/1\/Tesis%20.pdf\">http:\/\/vvv.tdk.cat\/bitstream\/10803\/292248\/1\/Tesis%20.pdf<\/a><\/p>\n\n\n\n<figure class=\"wp-block-image size-large\"><img loading=\"lazy\" decoding=\"async\" width=\"500\" height=\"255\" src=\"http:\/\/immunes.health\/wp-content\/uploads\/2020\/04\/jf-2014-014633_0010.gif\" alt=\"\" class=\"wp-image-277\"\/><figcaption>Kvercetin i cink ionofor poput EGCG i hlorokvina<\/figcaption><\/figure>\n\n\n\n<p>Chelation funkcija kvercetina, \u0161to ga \u010dini optimalnim antioksidansom i anti-inflamatorima u kontekstu Covid-19 je dokazano u studiji <a href=\"https:\/\/vvv.ncbi.nlm.nih.gov\/pubmed\/16910729\">https:\/\/vvv.ncbi.nlm.nih.gov\/pubmed\/16910729<\/a><\/p>\n\n\n\n<p>Neki lekari iz javnog zdravstvenog sistema predla\u017eu kvercetin, vitamine C i D i cink u svoje bolnice. To je slu\u010daj medicinske \u0161kole u \u200b\u200bVird\u017einiji u SAD-u&nbsp; <a href=\"https:\/\/vvv.evms.edu\/covid-19\/medical_information_resources\/\">https:\/\/vvv.evms.edu\/covid-19\/medical_information_resources\/<\/a> <a href=\"https:\/\/vvv.evms.edu\/media\/evms_public\/departments\/internal_medicine\/Marik-Covid-Protocol-Summari.pdf\">https:\/\/vvv.evms.edu\/media\/evms_public\/departments\/internal_medicine\/Marik-Covid-Protocol-Summari.pdf<\/a><\/p>\n\n\n\n<figure class=\"wp-block-image size-large\"><img loading=\"lazy\" decoding=\"async\" width=\"819\" height=\"602\" src=\"http:\/\/immunes.health\/wp-content\/uploads\/2020\/04\/Screenshot-from-2020-04-16-23-15-36.png\" alt=\"\" class=\"wp-image-289\" srcset=\"https:\/\/immunes.health\/wp-content\/uploads\/2020\/04\/Screenshot-from-2020-04-16-23-15-36.png 819w, https:\/\/immunes.health\/wp-content\/uploads\/2020\/04\/Screenshot-from-2020-04-16-23-15-36-600x441.png 600w, https:\/\/immunes.health\/wp-content\/uploads\/2020\/04\/Screenshot-from-2020-04-16-23-15-36-300x221.png 300w, https:\/\/immunes.health\/wp-content\/uploads\/2020\/04\/Screenshot-from-2020-04-16-23-15-36-768x565.png 768w\" sizes=\"(max-width: 819px) 100vw, 819px\" \/><figcaption>Protokol za bolnice u dr\u017eavi Virginija (SAD) razvio je dr Marik, \u0161ef medicine za pluc\u0301nu i kriti\u010dnu negu Medicinske \u0161kole u \u200b\u200bIsto\u010dnoj Virginiji.<\/figcaption><\/figure>\n\n\n\n<p>Tako\u0111e. Dr Mobeen, profesor medicine u Indiji, predla\u017ee medicinskom osoblju kvercetin, vitamine C i D i cink (u njegovom slu\u010daju u kombinaciji sa hidroksihlorokvinom, od 27. minuta, i kvercetinom kao alternativom)&nbsp;<a href=\"https:\/\/vvv.ioutube.com\/vatch?v=V9IFKSo84lCk\">https:\/\/vvv.ioutube.com\/vatch?v=V9IFKSo84lCk<\/a><\/p>\n\n\n\n<p>Tako\u0111e sugeri\u0161e kvercetin Dr Leonard iz Njujorka <a href=\"https:\/\/vvv.fok10phoenik.com\/nevs\/doctor-offers-coronavirus-protection-advice\">https:\/\/vvv.fok10phoenik.com\/nevs\/doctor-offers-coronavirus-protection-advice<\/a><\/p>\n\n\n\n<p>Kvercetin je testiran u klini\u010dkim ispitivanjima za mnoge razli\u010dite bolesti <a href=\"https:\/\/clinicaltrials.gov\/ct2\/results?cond=&amp;term=kuercetin&amp;cntri=&amp;state=&amp;citi=&amp;dist=&amp;Search=Search\">https:\/\/clinicaltrials.gov\/ct2\/results?cond=&amp;term=kuercetin&amp;cntri=&amp;state=&amp;citi=&amp;dist=&amp;Search=Search<\/a><\/p>\n\n\n\n<p>Za Covid-19 je uklju\u010den u klini\u010dko ispitivanje u Francuskoj, gde se upore\u0111uje sa Hidrokichlorokuine&nbsp; <a href=\"https:\/\/solidarites-sante.gouv.fr\/IMG\/pdf\/covid19_projets-recherche_therapeutikues_en-cours-instruction.pdf\">https:\/\/solidarites-sante.gouv.fr\/IMG\/pdf\/covid19_projets-recherche_therapeutikues_en-cours-instruction.pdf<\/a><\/p>\n\n\n\n<p>ostala ispitivanja Covid-19 koja uklju\u010duju prirodne proizvode su:<\/p>\n\n\n\n<ul><li>&nbsp;<a href=\"https:\/\/clinicaltrials.gov\/ct2\/shov\/NCT04264533\">https:\/\/clinicaltrials.gov\/ct2\/shov\/NCT04264533<\/a> Klini\u010dko ispitivanje pretnje Covid-19 visokom dozom vitamina C&nbsp;&nbsp;<\/li><li><a href=\"https:\/\/clinicaltrials.gov\/ct2\/shov\/NCT04323514\">https:\/\/clinicaltrials.gov\/ct2\/shov\/NCT04323514<\/a> Drugo klini\u010dko ispitivanje Covid-19 sa visokom dozom vitamina C<\/li><li>&nbsp;<a href=\"https:\/\/clinicaltrials.gov\/ct2\/shov\/NCT04334005\">https:\/\/clinicaltrials.gov\/ct2\/shov\/NCT04334005<\/a> Klini\u010dko ispitivanje upotrebe vitamina D, za profilakti\u010dke i prve simptome<\/li><\/ul>\n\n\n\n<p>postoje 3 druga klini\u010dka ispitivanja koja uklju\u010duju hidroksiklorokin + vitamin C + vitamin D + cink.<\/p>\n\n\n\n<ul><li>&nbsp;<a href=\"https:\/\/clinicaltrials.gov\/ct2\/shov\/NCT04335084\">https:\/\/clinicaltrials.gov\/ct2\/shov\/NCT04335084<\/a> <\/li><li><a href=\"https:\/\/clinicaltrials.gov\/ct2\/shov\/NCT04334512\">https:\/\/clinicaltrials.gov\/ct2\/shov\/NCT04334512<\/a> <\/li><li><a href=\"https:\/\/clinicaltrials.gov\/ct2\/shov\/NCT04326725\">https:\/\/clinicaltrials.gov\/ct2\/shov\/NCT04326725<\/a><\/li><\/ul>\n\n\n\n<p>Me\u0111u nutricionistima i specijalistima za prirodno zdravlje, kercetin se \u010desto predla\u017ee, uklju\u010duju\u0107i ameri\u010dku prehrambenu asocijaciju <\/p>\n\n\n\n<ul><li><a href=\"https:\/\/theana.org\/COVID-19\">https:\/\/theana.org\/COVID-19<\/a><\/li><li><a href=\"https:\/\/blog.nutri-tech.com.au\/immune-enhancement-the-missing-covid-19-essential-part-3\/\">https:\/\/blog.nutri-tech.com.au\/immune-enhancement-the-missing-covid-19-essential-part-3\/<\/a><\/li><li><a href=\"https:\/\/alphagreen.io\/kuercetin\">https:\/\/alphagreen.io\/kuercetin<\/a><\/li><\/ul>\n\n\n\n<p><\/p>\n\n\n\n<p><\/p>\n\n\n\n<p><\/p>\n","protected":false},"excerpt":{"rendered":"<p>Ve\u0107 za SARS 2003 kvercetin je testiran u laboratoriji sa dobrim rezultatima: ttps:\/\/jvi.asm.org\/content\/78\/20\/11334#T1 https:\/\/www.ncbi.nlm.nih.gov\/pubmed\/17046271 Ako neko sumnja da kvercetin mo\u017eda deluje samo na taj specifi\u010dni koronavirus, moglo bi biti korisno videti da je pokazalo se da deluje i za viruse raznovrsne poput gripa, ebole i hepatitisa B: https:\/\/vvv.ncbi.nlm.nih.gov\/pmc\/articles\/PMC4728566\/ https:\/\/aac.asm.org\/content\/60\/9\/5182 https:\/\/vvv.ncbi.nlm.nih.gov\/pubmed\/26268473 Superkompjuterska istraga analizirala je 8000 [&hellip;]<\/p>\n","protected":false},"author":2,"featured_media":0,"parent":0,"menu_order":0,"comment_status":"closed","ping_status":"closed","template":"templates\/page-left-sidebar.php","meta":{"footnotes":""},"_links":{"self":[{"href":"https:\/\/immunes.health\/index.php?rest_route=\/wp\/v2\/pages\/181"}],"collection":[{"href":"https:\/\/immunes.health\/index.php?rest_route=\/wp\/v2\/pages"}],"about":[{"href":"https:\/\/immunes.health\/index.php?rest_route=\/wp\/v2\/types\/page"}],"author":[{"embeddable":true,"href":"https:\/\/immunes.health\/index.php?rest_route=\/wp\/v2\/users\/2"}],"replies":[{"embeddable":true,"href":"https:\/\/immunes.health\/index.php?rest_route=%2Fwp%2Fv2%2Fcomments&post=181"}],"version-history":[{"count":3,"href":"https:\/\/immunes.health\/index.php?rest_route=\/wp\/v2\/pages\/181\/revisions"}],"predecessor-version":[{"id":360,"href":"https:\/\/immunes.health\/index.php?rest_route=\/wp\/v2\/pages\/181\/revisions\/360"}],"wp:attachment":[{"href":"https:\/\/immunes.health\/index.php?rest_route=%2Fwp%2Fv2%2Fmedia&parent=181"}],"curies":[{"name":"wp","href":"https:\/\/api.w.org\/{rel}","templated":true}]}}