{"id":175,"date":"2020-04-16T11:35:37","date_gmt":"2020-04-16T11:35:37","guid":{"rendered":"http:\/\/immunes.health\/?page_id=175"},"modified":"2020-04-17T02:55:21","modified_gmt":"2020-04-17T02:55:21","slug":"koristimo-kvercetin","status":"publish","type":"page","link":"https:\/\/immunes.health\/?page_id=175&lang=sr","title":{"rendered":"Koristimo kvercetin"},"content":{"rendered":"\n<p>Imati zdrav imuni sistem je neophodno stanje, ali mo\u017eda ne\u0107e biti dovoljno da se izbegne dejstvo virusa. Ako postoji dovoljno virusnog optere\u0107enja, trebate dodatni nutritivni i imuni teret da biste se odbranili. Morate jesti dobro i osigurati sve hranjive sastojke koji su imunom sistemu potrebni kroz hranu ili suplemente. Ovde je kvercetin saveznik iz prve sumnje i simptoma. To je mo\u0107an antioksidans, anti-inflamatorni i antivirusni s veoma \u0161irokim stepenom delovanja, odbrana virusa od strane vi\u0161e razli\u010ditih mehanizama istovremeno<br><\/p>\n\n\n\n<p>Primetili smo kombinaciju ve\u0161ta\u010dkog leka Hidrokichlorokuine + C Vitamin + D vitamin + Cink. U originalnom istra\u017eivanju koje je do\u0161lo do stvaranja Immunes Health-a na\u0161li smo taj kvercetin, ne samo da mo\u017ee posti\u0107i isti efekat od hidroksihlorohvin, ve\u0107 mo\u017ee pru\u017eiti \u0161iru multidimenzionalnu podr\u0161ku potrebama na\u0161ih tela koja se bore protiv Covid-19. S obzirom da je prirodno jedinjenje \u0161to ga \u010dini mnogo sigurnijim, mo\u017ee se koristiti dugoro\u010dno i mo\u017ee mu se pristupiti br\u017ee, bez potrebe za medicinskom dijagnostikom i dobijanjem iz hrane ako je potrebno.<\/p>\n\n\n\n<p class=\"has-medium-font-size\"><strong>Kvercetin<\/strong><\/p>\n\n\n\n<p>Kvercetin je bioflavonoid prisutan u mnogim povr\u0107em i vo\u0107u, mada se u ve\u0107ini nalazi u malim koli\u010dinama (vidi sliku)<\/p>\n\n\n\n<p>Evo \u010dlanka koji sa\u017eima \u0161ta je to: <a href=\"https:\/\/vvv.healthline.com\/nutrition\/kuercetin\">https:\/\/vvv.healthline.com\/nutrition\/kuercetin<\/a><\/p>\n\n\n\n<figure class=\"wp-block-image size-large\"><img loading=\"lazy\" decoding=\"async\" width=\"731\" height=\"1024\" src=\"http:\/\/immunes.health\/wp-content\/uploads\/2020\/04\/photo_2020-03-24_14-45-11-3.jpg\" alt=\"\" class=\"wp-image-176\" srcset=\"https:\/\/immunes.health\/wp-content\/uploads\/2020\/04\/photo_2020-03-24_14-45-11-3.jpg 731w, https:\/\/immunes.health\/wp-content\/uploads\/2020\/04\/photo_2020-03-24_14-45-11-3-600x840.jpg 600w, https:\/\/immunes.health\/wp-content\/uploads\/2020\/04\/photo_2020-03-24_14-45-11-3-214x300.jpg 214w\" sizes=\"(max-width: 731px) 100vw, 731px\" \/><\/figure>\n\n\n\n<ul><li>&nbsp;Kao antivirus, spre\u010dava Sars-cov-2 da u\u0111e u \u0107elije (inhibitor ACE2 proteina kroz koji virus koristi da u\u0111e u \u0107elije). Tako\u0111e inhibitor drugih alternativnih na\u010dina ulaska (vidi tabelu na slici ovog posta)<\/li><li>Kao antivirus, spre\u010dava i da se umno\u017ei izme\u0111u \u0107elija (ovo je jonizator cinka, ba\u0161 kao i hidroksihlorokvin. <\/li><li>Protivupalna je za\u0161tita od oluje citokina (\u0161to je glavni uzrok smrti kod mladih) <\/li><li>To je mo\u0107an antioksidans koji brani plu\u0107a od ARDS-a, sindrom izazvan sepsom je glavni uzrok smrti povezan sa Covid-19. <\/li><li>Jedan od na\u010dina na koji kvercetin povezuje svoje antioksidativne i protivupalne svojstva je delatnost heliranja gvo\u017e\u0111a, poma\u017eu\u0107i \u0107elijama da oporave gvo\u017e\u0111e koje je potrebno da rade oksigenacijom nakon upale. stvaraju\u0107i suprotan efekat sa feritinskim procesom<\/li><\/ul>\n\n\n\n<p>To je jedini proizvod sa svim ovim mogu\u0107nostima koji se mo\u017ee dobiti bez recepta i na vreme ne dozvoliti da blagi simptomi postanu ozbiljni. Predla\u017ee se od 500 mg dnevno u zdravom stanju i do 2000 mg dnevno ako ste bolesni. Dobro je uzimati ga sa vitaminom C koji poma\u017ee u njegovom apsorpciji (izme\u0111u 1000 mg zdravih i 10000 mg s te\u0161kim bolestima, a ne zaboravite da uzmete hranu sa cinkom ili dodate 30 &#8211; 100 mg u dodatku.<\/p>\n\n\n\n<p>Obi\u010dno ga nalazimo u apotekama, ukoliko ga nemaju na skladi\u0161tu, mo\u017eete ga zatra\u017eiti i ima\u0107e ga za manje od 24 sata. Ako iz bilo kojeg razloga nema na skladi\u0161tu ili nemate pristup, mo\u017eete potra\u017eiti crveni luk i drugu hranu pomo\u0107u kvercetina i izra\u010dunati koli\u010dine na osnovu prilo\u017eene slike.<\/p>\n\n\n\n<figure class=\"wp-block-image size-large\"><img loading=\"lazy\" decoding=\"async\" width=\"395\" height=\"263\" src=\"http:\/\/immunes.health\/wp-content\/uploads\/2020\/04\/photo_2020-04-16_15-44-04-1.jpg\" alt=\"\" class=\"wp-image-303\" srcset=\"https:\/\/immunes.health\/wp-content\/uploads\/2020\/04\/photo_2020-04-16_15-44-04-1.jpg 395w, https:\/\/immunes.health\/wp-content\/uploads\/2020\/04\/photo_2020-04-16_15-44-04-1-300x200.jpg 300w\" sizes=\"(max-width: 395px) 100vw, 395px\" \/><figcaption>Crveni luk, jabuke i zelena paprika, neka hrana s kvercetinom<\/figcaption><\/figure>\n\n\n\n<p>pogledajte kvercetin i druga prirodna jedinjenja ovde: <a href=\"http:\/\/immunes.health\/?page_id=181&amp;lang=sr\" target=\"_blank\" rel=\"noreferrer noopener\" aria-label=\"http:\/\/immunes.health\/?page_id=181&amp;lang=sr (opens in a new tab)\">http:\/\/immunes.health\/?page_id=181&amp;lang=sr<\/a><\/p>\n\n\n\n<p>Odbranimo svoj imuni sistem. Odbranimo svoje li\u010dno i kolektivno zdravlje, niko ne mo\u017ee bolje od nas. <\/p>\n","protected":false},"excerpt":{"rendered":"<p>Imati zdrav imuni sistem je neophodno stanje, ali mo\u017eda ne\u0107e biti dovoljno da se izbegne dejstvo virusa. Ako postoji dovoljno virusnog optere\u0107enja, trebate dodatni nutritivni i imuni teret da biste se odbranili. Morate jesti dobro i osigurati sve hranjive sastojke koji su imunom sistemu potrebni kroz hranu ili suplemente. Ovde je kvercetin saveznik iz prve [&hellip;]<\/p>\n","protected":false},"author":2,"featured_media":0,"parent":0,"menu_order":0,"comment_status":"closed","ping_status":"closed","template":"templates\/page-left-sidebar.php","meta":{"footnotes":""},"_links":{"self":[{"href":"https:\/\/immunes.health\/index.php?rest_route=\/wp\/v2\/pages\/175"}],"collection":[{"href":"https:\/\/immunes.health\/index.php?rest_route=\/wp\/v2\/pages"}],"about":[{"href":"https:\/\/immunes.health\/index.php?rest_route=\/wp\/v2\/types\/page"}],"author":[{"embeddable":true,"href":"https:\/\/immunes.health\/index.php?rest_route=\/wp\/v2\/users\/2"}],"replies":[{"embeddable":true,"href":"https:\/\/immunes.health\/index.php?rest_route=%2Fwp%2Fv2%2Fcomments&post=175"}],"version-history":[{"count":3,"href":"https:\/\/immunes.health\/index.php?rest_route=\/wp\/v2\/pages\/175\/revisions"}],"predecessor-version":[{"id":342,"href":"https:\/\/immunes.health\/index.php?rest_route=\/wp\/v2\/pages\/175\/revisions\/342"}],"wp:attachment":[{"href":"https:\/\/immunes.health\/index.php?rest_route=%2Fwp%2Fv2%2Fmedia&parent=175"}],"curies":[{"name":"wp","href":"https:\/\/api.w.org\/{rel}","templated":true}]}}