{"id":169,"date":"2020-04-16T11:28:57","date_gmt":"2020-04-16T11:28:57","guid":{"rendered":"http:\/\/immunes.health\/?page_id=169"},"modified":"2020-04-29T17:44:03","modified_gmt":"2020-04-29T17:44:03","slug":"nas-kit-predlog","status":"publish","type":"page","link":"https:\/\/immunes.health\/?page_id=169&lang=sr","title":{"rendered":"Na\u0161 KIT predlog"},"content":{"rendered":"\n<p>Hranljivi sastojci za koje je dokazano (ili u \u017eivotinjama ili na ljudima) da imunitet treba da bi funkcionisao efikasno uklju\u010duju esencijalne aminokiseline, linoleinsku kiselinu esencijalne masne kiseline, vitamin A, folnu kiselinu, vitamin B6, vitamin B12, vitamin C, vitamin D, vitamin E, Zn, Cu, Fe i Se. Prakti\u010dno na sve oblike imuniteta mogu uticati nedostaci jednog ili vi\u0161e ovih hranljivih sastojaka <a href=\"https:\/\/vvv.ncbi.nlm.nih.gov\/pubmed\/12495459\">https:\/\/vvv.ncbi.nlm.nih.gov\/pubmed\/12495459<\/a><\/p>\n\n\n\n<p>FAO je pokazao opasnosti od nedostatka esencijalnih hranljivih materija za na\u0161 imuni sistem <a href=\"http:\/\/vvv.fao.org\/3\/CA2243EN\/ca2243en.pdf\">http:\/\/vvv.fao.org\/3\/CA2243EN\/ca2243en.pdf<\/a><\/p>\n\n\n\n<p>Trebalo bi da osiguramo da sva ova hranjiva sastojka ostanu prisutna u telu kada smo zdravi, a posebno tokom bolesti.&nbsp;<a href=\"https:\/\/vvv.tandfonline.com\/doi\/full\/10.1080\/09540105.2015.1079600\">https:\/\/vvv.tandfonline.com\/doi\/full\/10.1080\/09540105.2015.1079600<\/a><\/p>\n\n\n\n<p>Zapravo, neki od ovih hranjivih sastojaka se iscrpljuju u borbi protiv virusne infekcije, pa \u0107e biti potrebna ve\u0107a koli\u010dina nego \u0161to je to uobi\u010dajeno. Nedostatak ishrane u razli\u010ditim fazama bolesti mo\u017ee imati fatalne posledice, mora\u0107emo da osiguramo sigurnost i kod ku\u0107e ili u bolnici.&nbsp;<\/p>\n\n\n\n<p>Zato smo na osnovu sopstvenog istra\u017eivanja i referenci nekih medicinskih radnika odlu\u010dili da gra\u0111anima predlo\u017eimo upotrebu slede\u0107eg kompleta&nbsp;&nbsp;&nbsp;&nbsp;<\/p>\n\n\n\n<p>&nbsp;Kao frofilaktik koji treba uzeti kao oblik prevencije protiv zna\u010dajnih simptoma.&nbsp;&nbsp;&nbsp;<\/p>\n\n\n\n<ul><li><strong><em>Kuercetin **.<\/em><\/strong> Op\u0161te antivirusno sredstvo. Dokazano inhibicija proteina ACE2 superkompjuterskim istra\u017eivanjima. Ionizator cinka. Protivupalno. <strong><em>500 mg dnevno<\/em><\/strong>\u00a0\u00a0\u00a0\u00a0\u00a0\u00a0\u00a0\u00a0 <\/li><li><em><strong>Cink<\/strong><\/em>. Izbegava \u0161irenje virusa u \u0107elijama. <em><strong>40 mg dnevno<\/strong><\/em>\u00a0\u00a0\u00a0\u00a0\u00a0\u00a0\u00a0\u00a0\u00a0 <\/li><li><strong><em>Vitamin C<\/em><\/strong>. modulira i ja\u010da imuni sistem, pove\u0107ava apsorpciju kvercetina. <strong><em>2000 mg dnevno\u00a0<\/em><\/strong>\u00a0\u00a0\u00a0\u00a0\u00a0\u00a0\u00a0\u00a0\u00a0 <\/li><li><strong><em>Vitamin D3<\/em><\/strong>. Poja\u010dava imunitni sistem. Nedostaje kad nedostaje sun\u010deva svetlost, \u0161to je tipi\u010dno u zato\u010deni\u0161tvu <strong><em>2000-3000 <\/em>u<\/strong> <strong><em>dnevno<\/em><\/strong><\/li><li>Hrana i suplementi po potrebi koji uklju\u010duju druge elemente imunog sistema kao folna kiselina, vitamin B6,vitamin B12, vitamin E, bakar i selen<\/li><\/ul>\n\n\n\n<p>Kvercetin i vitamin C treba uzimati zajedno jer vitamin C poma\u017ee u apsorpciji kvercetina (tako\u0111e maslinovo ulje poma\u017ee apsorpciji kvercetina).&nbsp;&nbsp;&nbsp;&nbsp;&nbsp;&nbsp;&nbsp;&nbsp;&nbsp;&nbsp;&nbsp;&nbsp;<\/p>\n\n\n\n<figure class=\"wp-block-image size-large is-resized\"><img loading=\"lazy\" decoding=\"async\" src=\"http:\/\/immunes.health\/wp-content\/uploads\/2020\/04\/19e5d911-933b-4a58-8c04-39b24da77dd7-2.jpeg\" alt=\"\" class=\"wp-image-170\" width=\"546\" height=\"363\" srcset=\"https:\/\/immunes.health\/wp-content\/uploads\/2020\/04\/19e5d911-933b-4a58-8c04-39b24da77dd7-2.jpeg 320w, https:\/\/immunes.health\/wp-content\/uploads\/2020\/04\/19e5d911-933b-4a58-8c04-39b24da77dd7-2-300x200.jpeg 300w\" sizes=\"(max-width: 546px) 100vw, 546px\" \/><\/figure>\n\n\n\n<p>&nbsp;\u0160to se ti\u010de po\u010detnih simptoma&nbsp;kada eksperimentiramo ka\u0161alj ili sluz ili ako eksperimentiramo sa vru\u0107icom ili nekim prvim poznatim sistemima, to zna\u010di da \u0107e na\u0161 imuni sistem biti zauzet reakcijom. i potrebno nam je vi\u0161e klju\u010dnih hranljivih materija da bi radili intenzitetom koji na\u0161em telu treba. \u0160to su simptomi u\u010destaliji i ja\u010di, treba\u0107e nam ve\u0107a koli\u010dina slede\u0107ih jedinjenja.&nbsp;<\/p>\n\n\n\n<ul><li><strong><em>kvercetin.<\/em><\/strong> Op\u0161te antivirusno sredstvo. Dokazano inhibicija proteina ACE2 superkompjuterskim istra\u017eivanjima. Ionizator cinka. Protivupalno. do <em><strong>2000 mg dnevno\u00a0<\/strong><\/em> <\/li><li><strong><em>Cink. <\/em><\/strong>Izbegava \u0161irenje virusa u \u0107elijama. do <strong><em>100 mg dnevno\u00a0<\/em><\/strong>\u00a0<\/li><li> <strong><em>Vitamin C<\/em><\/strong>. modulira i ja\u010da imuni sistem, pove\u0107ava apsorpciju kvercetina. do <strong><em>10000 mg dnevno\u00a0<\/em><\/strong>\u00a0 <\/li><li><strong><em>Vitamin D3.<\/em><\/strong> Osna\u017eite imuni sistem. Nedostaje kad nedostaje sun\u010deva svetlost, \u0161to je tipi\u010dno u zato\u010deni\u0161tvu. Do <strong><em>15000 u dnevno\u00a0<\/em><\/strong>\u00a0\u00a0 <\/li><li>Suplementi koji uklju\u010duju ostale elemente imunog sistema, kao \u0161to su folna kiselina, vitamin B6, vitamin B12, vitamin E, bakar i selen.Multivitaminsko &#8211; multimineralno jedinjenje moglo bi im pomo\u0107i da ih sve dobijemo.<\/li><\/ul>\n\n\n\n<p>Distribuirajte ih tokom dana, uz frekvenciju na osnovu simptoma. Na primer, kvercetin i vitamin C mogu se uzimati svaka 4 sata ako su predstavljeni sa samo nekoliko simptoma, a svaka 2 sata kada su simptomi ja\u010di i ja\u010di.<\/p>\n\n\n\n<p><strong>Naravno, izbalansirana hranljiva ishrana treba da bude prisutna u svakom razumnom trenutku na\u0161eg \u017eivota !<\/strong><\/p>\n\n\n\n<p>Za prethodno postoje\u0107a stanja ili trudno\u0107u, pre uzimanja kompleta, obratite se&nbsp; lekaru.<\/p>\n\n\n\n<p>Nau\u010diti vi\u0161e o kvercetinu kroz ovaj link <a rel=\"noreferrer noopener\" aria-label=\"http:\/\/immunes.health\/?page_id=175&amp;lang=sr (opens in a new tab)\" href=\"http:\/\/immunes.health\/?page_id=175&amp;lang=sr\" target=\"_blank\">http:\/\/immunes.health\/?page_id=175&amp;lang=sr<\/a><\/p>\n\n\n\n<p>pogledajte kvercetin i druga prirodna jedinjenja ovde: <a rel=\"noreferrer noopener\" href=\"http:\/\/immunes.health\/?page_id=181&amp;lang=sr\" target=\"_blank\">http:\/\/immunes.health\/?page_id=181&amp;lang=sr<\/a><\/p>\n","protected":false},"excerpt":{"rendered":"<p>Hranljivi sastojci za koje je dokazano (ili u \u017eivotinjama ili na ljudima) da imunitet treba da bi funkcionisao efikasno uklju\u010duju esencijalne aminokiseline, linoleinsku kiselinu esencijalne masne kiseline, vitamin A, folnu kiselinu, vitamin B6, vitamin B12, vitamin C, vitamin D, vitamin E, Zn, Cu, Fe i Se. Prakti\u010dno na sve oblike imuniteta mogu uticati nedostaci jednog [&hellip;]<\/p>\n","protected":false},"author":2,"featured_media":0,"parent":0,"menu_order":0,"comment_status":"closed","ping_status":"closed","template":"templates\/page-left-sidebar.php","meta":{"footnotes":""},"_links":{"self":[{"href":"https:\/\/immunes.health\/index.php?rest_route=\/wp\/v2\/pages\/169"}],"collection":[{"href":"https:\/\/immunes.health\/index.php?rest_route=\/wp\/v2\/pages"}],"about":[{"href":"https:\/\/immunes.health\/index.php?rest_route=\/wp\/v2\/types\/page"}],"author":[{"embeddable":true,"href":"https:\/\/immunes.health\/index.php?rest_route=\/wp\/v2\/users\/2"}],"replies":[{"embeddable":true,"href":"https:\/\/immunes.health\/index.php?rest_route=%2Fwp%2Fv2%2Fcomments&post=169"}],"version-history":[{"count":5,"href":"https:\/\/immunes.health\/index.php?rest_route=\/wp\/v2\/pages\/169\/revisions"}],"predecessor-version":[{"id":443,"href":"https:\/\/immunes.health\/index.php?rest_route=\/wp\/v2\/pages\/169\/revisions\/443"}],"wp:attachment":[{"href":"https:\/\/immunes.health\/index.php?rest_route=%2Fwp%2Fv2%2Fmedia&parent=169"}],"curies":[{"name":"wp","href":"https:\/\/api.w.org\/{rel}","templated":true}]}}