{"id":142,"date":"2020-04-15T17:37:25","date_gmt":"2020-04-15T17:37:25","guid":{"rendered":"http:\/\/immunes.health\/?page_id=142"},"modified":"2020-04-17T02:59:59","modified_gmt":"2020-04-17T02:59:59","slug":"usemos-quercetin","status":"publish","type":"page","link":"https:\/\/immunes.health\/?page_id=142&lang=es","title":{"rendered":"Usemos Quercetin"},"content":{"rendered":"\n<p>Tener un sistema inmunitario saludable es una condici\u00f3n necesaria, pero puede no ser suficiente para evitar el efecto del virus. Si hay suficiente carga viral, necesita una carga inmune y nutricional adicional para defenderse. Tienes que comer bien y asegurarte de todos los nutrientes que el sistema inmunitario necesita a trav\u00e9s de alimentos o suplementos.Aqu\u00ed es donde la quercetina es un aliado desde la primera sospecha y los s\u00edntomas. Es un poderoso antioxidante, un antiinflamatorio y antiviral con un grado de acci\u00f3n muy amplio, defensa del virus por varios mecanismos diferentes al mismo tiempo.<\/p>\n\n\n\n<p><\/p>\n\n\n\n<p>Hemos observado la combinaci\u00f3n de un f\u00e1rmaco artificial hidroxicloroquina + vitamina C + vitamina D + zinc. En la investigaci\u00f3n original que ha llegado a crear Immunes Health, hemos encontrado esa quercetina, no solo puede tener el mismo efecto que la hidroxicloroquina, sino que puede ofrecer un apoyo multidimensional mas amplio a las necesidades de nuestro cuerpos que luchan contra Covid-19.&nbsp;Con la ventaja de ser un compuesto natural, lo que lo hace mucho m\u00e1s seguro, se puede usar a largo plazo y se puede acceder m\u00e1s r\u00e1pido, sin la necesidad de un diagn\u00f3stico m\u00e9dico, y obtenerlo de los alimentos si es necesario.<br><\/p>\n\n\n\n<p class=\"has-medium-font-size\"><strong>Quercetina<\/strong><\/p>\n\n\n\n<p>La quercetina es un bioflavonoide presente en muchas verduras y frutas, aunque en la mayor\u00eda se encuentra en peque\u00f1as cantidades (ver imagen)<\/p>\n\n\n\n<p>Aqu\u00ed hay un art\u00edculo que resume lo que es <a href=\"https:\/\/www.healthline.com\/nutrition\/quercetin\">https:\/\/www.healthline.com\/nutrition\/quercetin<\/a><\/p>\n\n\n\n<figure class=\"wp-block-image size-large\"><img loading=\"lazy\" decoding=\"async\" width=\"731\" height=\"1024\" src=\"http:\/\/immunes.health\/wp-content\/uploads\/2020\/04\/photo_2020-03-24_14-45-11-2.jpg\" alt=\"\" class=\"wp-image-143\" srcset=\"https:\/\/immunes.health\/wp-content\/uploads\/2020\/04\/photo_2020-03-24_14-45-11-2.jpg 731w, https:\/\/immunes.health\/wp-content\/uploads\/2020\/04\/photo_2020-03-24_14-45-11-2-600x840.jpg 600w, https:\/\/immunes.health\/wp-content\/uploads\/2020\/04\/photo_2020-03-24_14-45-11-2-214x300.jpg 214w\" sizes=\"(max-width: 731px) 100vw, 731px\" \/><\/figure>\n\n\n\n<ul><li>&nbsp;Como antiviral, evita que Sars-cov-2 ingrese a las c\u00e9lulas (inhibidor de la prote\u00edna ACE2 a trav\u00e9s de la cual el virus usa para ingresar a las c\u00e9lulas). Tambi\u00e9n inhibidor de otras rutas alternativas de entrada (ver tabla en imagen de este post)<\/li><li>Como antiviral, tambi\u00e9n evita que se multipliquen entre las c\u00e9lulas (esto como un ionizador de zinc al igual que la hidroxicloroquina.<\/li><li>Es antiinflamatorio para proteger contra la tormenta de citoquinas (que es la principal causa de muerte en los j\u00f3venes)<\/li><li>Es un poderoso antioxidante para defender los pulmones del SDRA, el s\u00edndrome causado por la sepsis es la principal causa de muerte relacionada con Covid-19.<\/li><li>Una forma en que la quercetina conecta sus propiedades antioxidantes y antiinflamatorias es mediante la actividad de quelaci\u00f3n de hierro, ayudando a las c\u00e9lulas a recuperar el hierro necesario para realizar su oxigenaci\u00f3n despu\u00e9s de que se haya inflamadocreando un efecto opuesto con el proceso de ferritina.<\/li><\/ul>\n\n\n\n<p>Es el \u00fanico producto con todas estas capacidades que puede obtenerse sin receta y a tiempo para no permitir que los s\u00edntomas leves se agraven.Sugerido a 500 mg por d\u00eda en un estado saludable y hasta 2000 mg por d\u00eda si est\u00e1 enfermo.Es una buena idea tomarlo con vitamina C que ayuda a su absorci\u00f3n (entre 1000 mg saludables y 10000 mg con enfermedades graves, y no olvide tambi\u00e9n tener alimentos con zinc o agregar 30 a 100 mg en suplemento.<\/p>\n\n\n\n<p>Por lo general, se encuentra en farmacias, si no lo tienen en stock, puede solicitarlo y lo tendr\u00e1n en menos de 24 horas. Si por alguna raz\u00f3n est\u00e1 agotado o no tiene acceso, puede buscar cebollas rojas y otros alimentos con quercetina y calcular las cantidades en funci\u00f3n de la imagen adjuntada antes.<\/p>\n\n\n\n<figure class=\"wp-block-image size-large is-resized\"><img loading=\"lazy\" decoding=\"async\" src=\"http:\/\/immunes.health\/wp-content\/uploads\/2020\/04\/photo_2020-04-16_15-44-04-2.jpg\" alt=\"\" class=\"wp-image-310\" width=\"414\" height=\"276\" srcset=\"https:\/\/immunes.health\/wp-content\/uploads\/2020\/04\/photo_2020-04-16_15-44-04-2.jpg 395w, https:\/\/immunes.health\/wp-content\/uploads\/2020\/04\/photo_2020-04-16_15-44-04-2-300x200.jpg 300w\" sizes=\"(max-width: 414px) 100vw, 414px\" \/><figcaption>Cebolla roja, manzana y pimiento verde, algunos alimentos con quercetina<\/figcaption><\/figure>\n\n\n\n<p> <br><\/p>\n\n\n\n<p>Revise las referencias de quercetina y otros compuestos naturales aqu\u00ed: http:\/\/immunes.health\/?page_id=148&amp;lang=es<\/p>\n\n\n\n<p><strong>Defendamos nuestro sistema inmune. Defendamos nuestra salud personal y colectiva, nadie puede hacerlo mejor que nosotros.<\/strong><\/p>\n","protected":false},"excerpt":{"rendered":"<p>Tener un sistema inmunitario saludable es una condici\u00f3n necesaria, pero puede no ser suficiente para evitar el efecto del virus. Si hay suficiente carga viral, necesita una carga inmune y nutricional adicional para defenderse. Tienes que comer bien y asegurarte de todos los nutrientes que el sistema inmunitario necesita a trav\u00e9s de alimentos o suplementos.Aqu\u00ed [&hellip;]<\/p>\n","protected":false},"author":2,"featured_media":0,"parent":0,"menu_order":0,"comment_status":"closed","ping_status":"closed","template":"templates\/page-left-sidebar.php","meta":{"footnotes":""},"_links":{"self":[{"href":"https:\/\/immunes.health\/index.php?rest_route=\/wp\/v2\/pages\/142"}],"collection":[{"href":"https:\/\/immunes.health\/index.php?rest_route=\/wp\/v2\/pages"}],"about":[{"href":"https:\/\/immunes.health\/index.php?rest_route=\/wp\/v2\/types\/page"}],"author":[{"embeddable":true,"href":"https:\/\/immunes.health\/index.php?rest_route=\/wp\/v2\/users\/2"}],"replies":[{"embeddable":true,"href":"https:\/\/immunes.health\/index.php?rest_route=%2Fwp%2Fv2%2Fcomments&post=142"}],"version-history":[{"count":2,"href":"https:\/\/immunes.health\/index.php?rest_route=\/wp\/v2\/pages\/142\/revisions"}],"predecessor-version":[{"id":343,"href":"https:\/\/immunes.health\/index.php?rest_route=\/wp\/v2\/pages\/142\/revisions\/343"}],"wp:attachment":[{"href":"https:\/\/immunes.health\/index.php?rest_route=%2Fwp%2Fv2%2Fmedia&parent=142"}],"curies":[{"name":"wp","href":"https:\/\/api.w.org\/{rel}","templated":true}]}}