{"id":140,"date":"2020-04-15T17:12:05","date_gmt":"2020-04-15T17:12:05","guid":{"rendered":"http:\/\/immunes.health\/?page_id=140"},"modified":"2020-09-26T15:38:19","modified_gmt":"2020-09-26T15:38:19","slug":"el-kit-que-proponemos","status":"publish","type":"page","link":"https:\/\/immunes.health\/?page_id=140&lang=es","title":{"rendered":"El kit que proponemos"},"content":{"rendered":"\n<p>Los nutrientes que el sistema inmunitario requiere (ya sea en estudios en animales o humanos) para que funcionen eficientemente incluyen amino\u00e1cidos esenciales, el \u00e1cido graso esencial \u00e1cido linoleico, vitamina A, \u00e1cido f\u00f3lico, vitamina B1, vitamina B6, vitamina B12, vitamina C, vitamina D, vitamina E, Zn, Cu, Fe y Se. Pr\u00e1cticamente todas las formas de inmunidad pueden verse afectadas por deficiencias en uno o m\u00e1s de estos nutrientes.\u00a0<a href=\"https:\/\/www.ncbi.nlm.nih.gov\/pubmed\/12495459\">https:\/\/www.ncbi.nlm.nih.gov\/pubmed\/12495459<\/a><\/p>\n\n\n\n<p>La FAO ha demostrado los peligros de la deficiencia de nutrientes esenciales para nuestro sistema inmunol\u00f3gico <a href=\"http:\/\/www.fao.org\/3\/CA2243EN\/ca2243en.pdf\">http:\/\/www.fao.org\/3\/CA2243EN\/ca2243en.pdf<\/a><\/p>\n\n\n\n<p>Debemos asegurarnos de que todos estos nutrientes permanezcan presentes en el cuerpo cuando estando sanos y especialmente durante una enfermedad.  <a href=\"https:\/\/www.tandfonline.com\/doi\/full\/10.1080\/09540105.2015.1079600\">https:\/\/www.tandfonline.com\/doi\/full\/10.1080\/09540105.2015.1079600<\/a><\/p>\n\n\n\n<p>En realidad, algunos de estos nutrientes se agotan cuando se lucha contra una infecci\u00f3n viral, por lo tanto, se necesitar\u00e1 una cantidad mayor de lo habitual. La falta de nutrici\u00f3n en las diferentes etapas de una enfermedad puede tener consecuencias fatales, tendremos que garantizar la seguridad tanto en el hogar como en el hospital.<\/p>\n\n\n\n<p>Es por eso que, en base a nuestra propia investigaci\u00f3n y referencias de algunos profesionales m\u00e9dicos, hemos elegido proponer a los ciudadanos el uso del siguiente kit *<br><\/p>\n\n\n\n<p>Como un producto profil\u00e1ctico para ser tomado como una forma de prevenci\u00f3n contra s\u00edntomas sustanciales.<\/p>\n\n\n\n<ul><li><em>\u00a0<strong>Quercetina **<\/strong><\/em>. Agente antiviral general. Inhibici\u00f3n probada de la prote\u00edna ACE2 por investigaci\u00f3n en supercomputaci\u00f3n. Ionizador de zinc. Antiinflamatorio <strong><em>500 mg por d\u00eda<\/em><\/strong><\/li><li><strong><em>Zinc<\/em><\/strong> Evita la proliferaci\u00f3n de virus en las c\u00e9lulas. 40 mg por d\u00eda<\/li><li><strong><em>La vitamina C<\/em><\/strong>. modula y estimula el sistema inmunol\u00f3gico, aumenta la absorci\u00f3n de quercetina. <em><strong>2000 mg por d\u00eda<\/strong><\/em><\/li><li><strong><em>Vitamina D3.<\/em><\/strong> Aumenta el sistema inmunitario. Deficiente cuando hay falta de luz solar, t\u00edpico en confinamientos <em><strong>2000-3000 ui por d\u00eda<\/strong><\/em><\/li><li>Alimentos y, si es necesario, suplementos que incluyan otros elementos del sistema inmunitario, como \u00e1cido f\u00f3lico, vitamina A, vitamina B1, vitamina B6, vitamina B12, vitamina E, cobre y selenio. Un multivitam\u00ednico &#8211; compuesto multimineral podr\u00eda ayudar a tenerlos a todos.<\/li><\/ul>\n\n\n\n<p>La quercetina y la vitamina C deben tomarse juntas, ya que la vitamina C ayuda a la absorci\u00f3n de quercetina (tambi\u00e9n el aceite de oliva ayuda a la absorci\u00f3n de quercetina).<\/p>\n\n\n\n<figure class=\"wp-block-image size-large is-resized\"><img loading=\"lazy\" decoding=\"async\" src=\"http:\/\/immunes.health\/wp-content\/uploads\/2020\/04\/19e5d911-933b-4a58-8c04-39b24da77dd7-1.jpeg\" alt=\"\" class=\"wp-image-154\" width=\"469\" height=\"313\" srcset=\"https:\/\/immunes.health\/wp-content\/uploads\/2020\/04\/19e5d911-933b-4a58-8c04-39b24da77dd7-1.jpeg 320w, https:\/\/immunes.health\/wp-content\/uploads\/2020\/04\/19e5d911-933b-4a58-8c04-39b24da77dd7-1-300x200.jpeg 300w\" sizes=\"(max-width: 469px) 100vw, 469px\" \/><figcaption>La vitamina C tiene que estar cerca la quercetina para facilitar su absorci\u00f3n<\/figcaption><\/figure>\n\n\n\n<p>En cuanto a los s\u00edntomas iniciales cuando experimentamos tos o mucosidad, o si experimentamos fiebre o algunos sistemas conocidos por primera vez, significa que nuestro sistema inmunitario estar\u00e1 m\u00e1s ocupado para reaccionar.y necesitamos m\u00e1s nutrientes clave para que funcionen a la intensidad que nuestro cuerpo necesita. A medida que los s\u00edntomas sean m\u00e1s frecuentes y fuertes, necesitar\u00edamos m\u00e1s cantidad de los siguientes compuestos.<\/p>\n\n\n\n<p><\/p>\n\n\n\n<ul><li><strong><em>Quercetina<\/em><\/strong>. Agente antiviral general. Inhibici\u00f3n probada de la prote\u00edna ACE2 por investigaci\u00f3n en supercomputaci\u00f3n. Ionizador de zinc. Antiinflamatorio hasta <em><strong>2000 mg por d\u00eda<\/strong><\/em><\/li><li><strong><em>Zinc<\/em><\/strong> Evita la proliferaci\u00f3n de virus en las c\u00e9lulas. hasta 100 mg por d\u00eda- La vitamina C. modula y estimula el sistema inmunol\u00f3gico, aumenta la absorci\u00f3n de quercetina. hasta 1<strong><em>0000 mg por d\u00eda<\/em><\/strong><\/li><li><strong><em>Vitamina D3<\/em><\/strong>. Aumenta el sistema inmunitario. Deficiente cuando hay falta de luz solar, t\u00edpico en confinamientos. Hasta <em><strong>15000 ui por d\u00eda<\/strong><\/em>.<\/li><li>Suplementos que incluyen otros elementos del sistema inmunitario, como <em><strong>\u00e1cido f\u00f3lico, vitamina A, vitamina B1, vitamina B6, vitamina B12, vitamina E<\/strong><\/em>, cobre y selenio. Un multivitam\u00ednico &#8211; compuesto multimineral podr\u00eda ayudar a tenerlos a todos.<\/li><\/ul>\n\n\n\n<p>Distribuya la ingesta de ellos durante todo el d\u00eda con una frecuencia basada en los s\u00edntomas. Por ejemplo, la quercetina y la vitamina C se pueden tomar cada 4 horas cuando se presentan con solo unos pocos s\u00edntomas y cada 2 horas cuando los s\u00edntomas son m\u00e1s y m\u00e1s fuertes.<\/p>\n\n\n\n<p>\u00a1Por supuesto, una dieta nutritiva equilibrada debe estar presente en cualquier momento sensible de nuestras vidas!<br><\/p>\n\n\n\n<p><strong>* Para afecciones preexistentes o embarazo, solicite su referencia m\u00e9dica antes de tomar el kit.<\/strong><\/p>\n\n\n\n<p>** Obtenga m\u00e1s informaci\u00f3n sobre la quercetina a trav\u00e9s de este enlace: <a rel=\"noreferrer noopener\" aria-label=\"http:\/\/immunes.health\/?page_id=142&amp;lang=es (opens in a new tab)\" href=\"http:\/\/immunes.health\/?page_id=142&amp;lang=es\" target=\"_blank\">http:\/\/immunes.health\/?page_id=142&amp;lang=es<\/a><\/p>\n\n\n\n<p>*** Revise las referencias de quercetina y otros compuestos naturales aqu\u00ed: <a href=\"http:\/\/immunes.health\/?page_id=148&amp;lang=es\" target=\"_blank\" rel=\"noreferrer noopener\" aria-label=\"http:\/\/immunes.health\/?page_id=148&amp;lang=es (opens in a new tab)\">http:\/\/immunes.health\/?page_id=148&amp;lang=es<\/a><\/p>\n","protected":false},"excerpt":{"rendered":"<p>Los nutrientes que el sistema inmunitario requiere (ya sea en estudios en animales o humanos) para que funcionen eficientemente incluyen amino\u00e1cidos esenciales, el \u00e1cido graso esencial \u00e1cido linoleico, vitamina A, \u00e1cido f\u00f3lico, vitamina B1, vitamina B6, vitamina B12, vitamina C, vitamina D, vitamina E, Zn, Cu, Fe y Se. Pr\u00e1cticamente todas las formas de inmunidad [&hellip;]<\/p>\n","protected":false},"author":2,"featured_media":0,"parent":0,"menu_order":0,"comment_status":"closed","ping_status":"closed","template":"templates\/page-left-sidebar.php","meta":{"footnotes":""},"_links":{"self":[{"href":"https:\/\/immunes.health\/index.php?rest_route=\/wp\/v2\/pages\/140"}],"collection":[{"href":"https:\/\/immunes.health\/index.php?rest_route=\/wp\/v2\/pages"}],"about":[{"href":"https:\/\/immunes.health\/index.php?rest_route=\/wp\/v2\/types\/page"}],"author":[{"embeddable":true,"href":"https:\/\/immunes.health\/index.php?rest_route=\/wp\/v2\/users\/2"}],"replies":[{"embeddable":true,"href":"https:\/\/immunes.health\/index.php?rest_route=%2Fwp%2Fv2%2Fcomments&post=140"}],"version-history":[{"count":9,"href":"https:\/\/immunes.health\/index.php?rest_route=\/wp\/v2\/pages\/140\/revisions"}],"predecessor-version":[{"id":536,"href":"https:\/\/immunes.health\/index.php?rest_route=\/wp\/v2\/pages\/140\/revisions\/536"}],"wp:attachment":[{"href":"https:\/\/immunes.health\/index.php?rest_route=%2Fwp%2Fv2%2Fmedia&parent=140"}],"curies":[{"name":"wp","href":"https:\/\/api.w.org\/{rel}","templated":true}]}}