{"id":138,"date":"2020-04-15T17:02:23","date_gmt":"2020-04-15T17:02:23","guid":{"rendered":"http:\/\/immunes.health\/?page_id=138"},"modified":"2020-04-27T11:06:40","modified_gmt":"2020-04-27T11:06:40","slug":"porque-immunes-health","status":"publish","type":"page","link":"https:\/\/immunes.health\/?page_id=138&lang=es","title":{"rendered":"Porque Immunes Health"},"content":{"rendered":"\n<p>Desde el comienzo de esta crisis de Coronavirus, detectamos la sorprendente ausencia de pautas inmunitarias y sugerencias de la OMS en la pol\u00edtica y la prensa.&nbsp;<\/p>\n\n\n\n<p><br>Las pautas mencionadas no tienen en cuenta que la capacidad inmune de nuestros cuerpos para expulsar el virus, si trata de infectarnos, es algo que puede ser modulado por nuestra nutrici\u00f3n (dieta, suplementos alimenticios &#8230;) y nuestro comportamiento (ejercicio, tomar el sol&#8230;). Adem\u00e1s, no tiene en cuenta que nuestra debilidad inmune como sociedad es un factor de riesgo adicional que est\u00e1 conduciendo a estas tasas inesperadas de casos graves y de mortandad.<br><\/p>\n\n\n\n<p>Para mayor sorpresa, no se han realizado ensayos cl\u00ednicos hasta la fecha incluyendo la Quercetina como medicamento antiviral usual. A pesar de que hay muchos ensayos in vitro, indicaciones de supercomputadoras, ensayos en animales y experiencia del usuario de su eficacia significativa en muchas enfermedades virales o microbianas.<br><\/p>\n\n\n\n<p>\u00bfDebemos considerar que la raz\u00f3n es, que como es una sustancia natural no patentable, f\u00e1cil de producir y distribuir, no interesa a las grandes compa\u00f1\u00edas farmac\u00e9uticas invertir en ella?<br><\/p>\n\n\n\n<figure class=\"wp-block-image size-large\"><img loading=\"lazy\" decoding=\"async\" width=\"1024\" height=\"538\" src=\"http:\/\/immunes.health\/wp-content\/uploads\/2020\/04\/Screenshot-from-2020-04-17-00-13-45-1-1024x538.png\" alt=\"\" class=\"wp-image-322\" srcset=\"https:\/\/immunes.health\/wp-content\/uploads\/2020\/04\/Screenshot-from-2020-04-17-00-13-45-1-1024x538.png 1024w, https:\/\/immunes.health\/wp-content\/uploads\/2020\/04\/Screenshot-from-2020-04-17-00-13-45-1-600x315.png 600w, https:\/\/immunes.health\/wp-content\/uploads\/2020\/04\/Screenshot-from-2020-04-17-00-13-45-1-300x158.png 300w, https:\/\/immunes.health\/wp-content\/uploads\/2020\/04\/Screenshot-from-2020-04-17-00-13-45-1-768x404.png 768w, https:\/\/immunes.health\/wp-content\/uploads\/2020\/04\/Screenshot-from-2020-04-17-00-13-45-1.png 1269w\" sizes=\"(max-width: 1024px) 100vw, 1024px\" \/><figcaption>La fundaci\u00f3n Gates es la principal influencia en la OMS (directamente y con Gavi Alliance que financien). <a href=\"http:\/\/open.who.int\/2018-19\/contributors\/contributor\">http:\/\/open.who.int\/2018-19\/contributors\/contributor<\/a><\/figcaption><\/figure>\n\n\n\n<p>No podemos aceptar que las soluciones f\u00e1ciles y naturales sean silenciadas. Nuestros derechos humanos est\u00e1n siendo robados, nuestros cuerpos arrestados en los hogares, nuestra vida social en bancarrota y la econom\u00eda de nuestras d\u00e9cadas futuras condenada a la cuarentena.<br>Al menos estamos contentos por el clima y la biodiversidad, pero en la postcrisis debemos trabajar como humanidad para crear una vida donde nuestra salud, nuestra libertad y la salud del planeta se vuelvan compatibles.<\/p>\n\n\n\n<p>Como punto de partida de Immunes Health, creemos que la crisis actual de Covid-19 deber\u00eda conducir a un an\u00e1lisis amplio que permita que los productos naturales m\u00e1s efectivos sean probados cl\u00ednicamente y que los medicamentos no patentados asequibles se pongan al servicio del sistema de salud en general.<\/p>\n\n\n\n<p>Mientras tanto y en el contexto de urgencia, los productos como la quercetina tienen una ventaja: est\u00e1n autorizados en todo el mundo para ser distribuidos sin receta como suplemento nutricional. Por esta raz\u00f3n, y dada la falta de soluciones, las autoridades de salud lo est\u00e1n dando a los pacientes que presentan los s\u00edntomas iniciales. Compartimos un llamado para usar Quercetina con la vitamina C, la vitamina D y el zinc m\u00e1s comunes.<br><\/p>\n\n\n\n<p>Es esencial tener un botiqu\u00edn que pueda usarse como profil\u00e1ctico para situaciones de riesgo o cuando aparezcan los primeros s\u00edntomas. Puede reducir en gran medida los casos sintom\u00e1ticos y su gravedad, y tambi\u00e9n ayuda a detener la propagaci\u00f3n del SARS-CoV2 hasta que se consideren innecesarios m\u00e1s confinamientos que, como se dijo anteriormente, tienen un alto costo para los derechos humanos, la salud mental, la vida social y la econom\u00eda.<\/p>\n\n\n\n<p>Por lo tanto, Immunes Health nace para crear un amplio espacio de colaboraci\u00f3n hacia estos problemas actuales que han afectado nuestras vidas.<\/p>\n\n\n\n<p><\/p>\n","protected":false},"excerpt":{"rendered":"<p>Desde el comienzo de esta crisis de Coronavirus, detectamos la sorprendente ausencia de pautas inmunitarias y sugerencias de la OMS en la pol\u00edtica y la prensa.&nbsp; Las pautas mencionadas no tienen en cuenta que la capacidad inmune de nuestros cuerpos para expulsar el virus, si trata de infectarnos, es algo que puede ser modulado por [&hellip;]<\/p>\n","protected":false},"author":2,"featured_media":0,"parent":0,"menu_order":0,"comment_status":"closed","ping_status":"closed","template":"templates\/page-left-sidebar.php","meta":{"footnotes":""},"_links":{"self":[{"href":"https:\/\/immunes.health\/index.php?rest_route=\/wp\/v2\/pages\/138"}],"collection":[{"href":"https:\/\/immunes.health\/index.php?rest_route=\/wp\/v2\/pages"}],"about":[{"href":"https:\/\/immunes.health\/index.php?rest_route=\/wp\/v2\/types\/page"}],"author":[{"embeddable":true,"href":"https:\/\/immunes.health\/index.php?rest_route=\/wp\/v2\/users\/2"}],"replies":[{"embeddable":true,"href":"https:\/\/immunes.health\/index.php?rest_route=%2Fwp%2Fv2%2Fcomments&post=138"}],"version-history":[{"count":5,"href":"https:\/\/immunes.health\/index.php?rest_route=\/wp\/v2\/pages\/138\/revisions"}],"predecessor-version":[{"id":432,"href":"https:\/\/immunes.health\/index.php?rest_route=\/wp\/v2\/pages\/138\/revisions\/432"}],"wp:attachment":[{"href":"https:\/\/immunes.health\/index.php?rest_route=%2Fwp%2Fv2%2Fmedia&parent=138"}],"curies":[{"name":"wp","href":"https:\/\/api.w.org\/{rel}","templated":true}]}}